{"id":1324,"date":"2024-03-26T15:32:50","date_gmt":"2024-03-26T15:32:50","guid":{"rendered":"https:\/\/www.canhoms.es\/quienes-somos\/"},"modified":"2024-04-19T07:39:13","modified_gmt":"2024-04-19T07:39:13","slug":"qui-som","status":"publish","type":"page","link":"https:\/\/www.canhoms.es\/ca\/qui-som\/","title":{"rendered":"Qui som"},"content":{"rendered":"\t\t<div data-elementor-type=\"wp-post\" data-elementor-id=\"1324\" class=\"elementor elementor-1324 elementor-193\" data-elementor-post-type=\"page\">\n\t\t\t\t<div class=\"elementor-element elementor-element-59b65a7 e-con-full e-flex elementor-invisible e-con e-parent\" data-id=\"59b65a7\" data-element_type=\"container\" data-settings=\"{&quot;background_background&quot;:&quot;classic&quot;,&quot;animation&quot;:&quot;fadeIn&quot;}\">\n\t\t\t\t<div class=\"elementor-element elementor-element-109c493 elementor-widget elementor-widget-heading\" data-id=\"109c493\" data-element_type=\"widget\" data-widget_type=\"heading.default\">\n\t\t\t\t<div class=\"elementor-widget-container\">\n\t\t\t\t\t<h1 class=\"elementor-heading-title elementor-size-default\">Qui som<\/h1>\t\t\t\t<\/div>\n\t\t\t\t<\/div>\n\t\t\t\t<\/div>\n\t\t<div class=\"elementor-element elementor-element-57a32be e-flex e-con-boxed elementor-invisible e-con e-parent\" data-id=\"57a32be\" data-element_type=\"container\" data-settings=\"{&quot;animation&quot;:&quot;fadeIn&quot;}\">\n\t\t\t\t\t<div class=\"e-con-inner\">\n\t\t\t\t<div class=\"elementor-element elementor-element-dc779ce elementor-widget elementor-widget-heading\" data-id=\"dc779ce\" data-element_type=\"widget\" data-widget_type=\"heading.default\">\n\t\t\t\t<div class=\"elementor-widget-container\">\n\t\t\t\t\t<h2 class=\"elementor-heading-title elementor-size-default\">Can Homs Beuda<\/h2>\t\t\t\t<\/div>\n\t\t\t\t<\/div>\n\t\t\t\t<div class=\"elementor-element elementor-element-3e920fe elementor-widget elementor-widget-text-editor\" data-id=\"3e920fe\" data-element_type=\"widget\" data-widget_type=\"text-editor.default\">\n\t\t\t\t<div class=\"elementor-widget-container\">\n\t\t\t\t\t\t\t\t\t<p>Can Homs \u00e9s a Beuda, a la regi\u00f3 de Catalunya, a 27 km de Museu Dal\u00ed. Ofereix allotjament amb wifi gratis, zona de jocs infantil, piscina a l&#8217;aire lliure i p\u00e0rquing privat gratis.<\/p><p>Cada unitat t\u00e9 terrassa amb vistes a la muntanya, TV de pantalla plana, zona de menjador, cuina ben equipada i bany privat amb dutxa, articles de lavabo gratu\u00efts i assecador de p\u00e8l. Tamb\u00e9 hi ha nevera, rentaplats i microones, a m\u00e9s de cafetera.<\/p><p>A l&#8217;apartament, la clientela pot practicar ciclisme als voltants o gaudir del jard\u00ed.<\/p><p>Estaci\u00f3 de tren de Girona est\u00e0 a 36 km de l&#8217;allotjament, i Camp de golf Peralada est\u00e0 a 41 km. L&#8217;aeroport m\u00e9s proper (Aeroport de Girona \u2013 Costa Brava) est\u00e0 a 49 km.<\/p>\t\t\t\t\t\t\t\t<\/div>\n\t\t\t\t<\/div>\n\t\t\t\t\t<\/div>\n\t\t\t\t<\/div>\n\t\t<div class=\"elementor-element elementor-element-1410280 e-flex e-con-boxed elementor-invisible e-con e-parent\" data-id=\"1410280\" data-element_type=\"container\" data-settings=\"{&quot;animation&quot;:&quot;fadeIn&quot;}\">\n\t\t\t\t\t<div class=\"e-con-inner\">\n\t\t<div class=\"elementor-element elementor-element-30099bb e-con-full e-flex e-con e-child\" data-id=\"30099bb\" data-element_type=\"container\">\n\t\t\t\t<div class=\"elementor-element elementor-element-63a2f3d elementor-widget elementor-widget-heading\" data-id=\"63a2f3d\" data-element_type=\"widget\" data-widget_type=\"heading.default\">\n\t\t\t\t<div class=\"elementor-widget-container\">\n\t\t\t\t\t<h3 class=\"elementor-heading-title elementor-size-default\">La nostra hist\u00f2ria<\/h3>\t\t\t\t<\/div>\n\t\t\t\t<\/div>\n\t\t\t\t<div class=\"elementor-element elementor-element-3568ba4 elementor-widget elementor-widget-text-editor\" data-id=\"3568ba4\" data-element_type=\"widget\" data-widget_type=\"text-editor.default\">\n\t\t\t\t<div class=\"elementor-widget-container\">\n\t\t\t\t\t\t\t\t\t<p>Sumeu en la rica hist\u00f2ria de la nostra masia a Beuda (Girona), que data del segle XVII i ha estat recentment renovada amb passi\u00f3 i dedicaci\u00f3. Des de l&#8217;any passat, ens hem embarcat en un emocionant projecte d&#8217;ampliaci\u00f3 i millora, incloent la creaci\u00f3 de noves piscines d&#8217;aigua salada.<\/p><p>Cada dia, amb esfor\u00e7 i entusiasme, treballem per oferir als nostres hostes una experi\u00e8ncia inoblidable en un entorn ple d&#8217;encant i tradici\u00f3 a Catalunya.<\/p>\t\t\t\t\t\t\t\t<\/div>\n\t\t\t\t<\/div>\n\t\t\t\t<\/div>\n\t\t<div class=\"elementor-element elementor-element-d1aa8de e-con-full e-flex e-con e-child\" data-id=\"d1aa8de\" data-element_type=\"container\">\n\t\t\t\t<div class=\"elementor-element elementor-element-79918a9 elementor-widget elementor-widget-image\" data-id=\"79918a9\" data-element_type=\"widget\" data-widget_type=\"image.default\">\n\t\t\t\t<div class=\"elementor-widget-container\">\n\t\t\t\t\t\t\t\t\t\t\t\t\t\t\t<img fetchpriority=\"high\" decoding=\"async\" width=\"530\" height=\"743\" src=\"https:\/\/www.canhoms.es\/wp-content\/uploads\/2024\/03\/about-historia.jpg\" class=\"attachment-large size-large wp-image-943\" alt=\"\" srcset=\"https:\/\/www.canhoms.es\/wp-content\/uploads\/2024\/03\/about-historia.jpg 530w, https:\/\/www.canhoms.es\/wp-content\/uploads\/2024\/03\/about-historia-214x300.jpg 214w\" sizes=\"(max-width: 530px) 100vw, 530px\" \/>\t\t\t\t\t\t\t\t\t\t\t\t\t\t\t<\/div>\n\t\t\t\t<\/div>\n\t\t\t\t<\/div>\n\t\t\t\t\t<\/div>\n\t\t\t\t<\/div>\n\t\t<div class=\"elementor-element elementor-element-08e2f53 e-flex e-con-boxed elementor-invisible e-con e-parent\" data-id=\"08e2f53\" data-element_type=\"container\" data-settings=\"{&quot;animation&quot;:&quot;fadeIn&quot;}\">\n\t\t\t\t\t<div class=\"e-con-inner\">\n\t\t<div class=\"elementor-element elementor-element-5818e06 e-con-full e-flex e-con e-child\" data-id=\"5818e06\" data-element_type=\"container\">\n\t\t\t\t<div class=\"elementor-element elementor-element-60ce2c6 elementor-widget elementor-widget-heading\" data-id=\"60ce2c6\" data-element_type=\"widget\" data-widget_type=\"heading.default\">\n\t\t\t\t<div class=\"elementor-widget-container\">\n\t\t\t\t\t<h3 class=\"elementor-heading-title elementor-size-default\">Descobreix l'entorn de la masia<\/h3>\t\t\t\t<\/div>\n\t\t\t\t<\/div>\n\t\t\t\t<div class=\"elementor-element elementor-element-2ef0a82 elementor-widget elementor-widget-text-editor\" data-id=\"2ef0a82\" data-element_type=\"widget\" data-widget_type=\"text-editor.default\">\n\t\t\t\t<div class=\"elementor-widget-container\">\n\t\t\t\t\t\t\t\t\t<p>Emb\u00e0rcat en una aventura pels voltants de la nostra masia a la Garrotxa (Girona), on trobar\u00e0s una varietat d&#8217;activitats i llocs per explorar. Des de parcs naturals fins a museus locals, hi ha alguna cosa per a tots els gustos.<\/p><p>Gaudeix de la bellesa del Parc de la Draga, explora els senders del Volc\u00e0 Croscat o somrigeix-te en la hist\u00f2ria al Museu de la Garrotxa. A m\u00e9s, podr\u00e0s gaudir de delicioses experi\u00e8ncies gastron\u00f2miques als pobles propers i descobrir encantadors racons plens de tradici\u00f3 i autenticitat. Veuen a passar les teves vacances a la Garrotxa i hosp\u00e9date a Can Homs!<\/p>\t\t\t\t\t\t\t\t<\/div>\n\t\t\t\t<\/div>\n\t\t\t\t<\/div>\n\t\t<div class=\"elementor-element elementor-element-f8d5896 e-con-full e-flex e-con e-child\" data-id=\"f8d5896\" data-element_type=\"container\">\n\t\t\t\t<div class=\"elementor-element elementor-element-e1d1326 elementor-widget elementor-widget-image\" data-id=\"e1d1326\" data-element_type=\"widget\" data-widget_type=\"image.default\">\n\t\t\t\t<div class=\"elementor-widget-container\">\n\t\t\t\t\t\t\t\t\t\t\t\t\t\t\t<img decoding=\"async\" width=\"530\" height=\"743\" src=\"https:\/\/www.canhoms.es\/wp-content\/uploads\/2024\/03\/about-entorno.jpg\" class=\"attachment-large size-large wp-image-946\" alt=\"\" srcset=\"https:\/\/www.canhoms.es\/wp-content\/uploads\/2024\/03\/about-entorno.jpg 530w, https:\/\/www.canhoms.es\/wp-content\/uploads\/2024\/03\/about-entorno-214x300.jpg 214w\" sizes=\"(max-width: 530px) 100vw, 530px\" \/>\t\t\t\t\t\t\t\t\t\t\t\t\t\t\t<\/div>\n\t\t\t\t<\/div>\n\t\t\t\t<\/div>\n\t\t\t\t\t<\/div>\n\t\t\t\t<\/div>\n\t\t<div class=\"elementor-element elementor-element-c0b0dbe e-con-full e-flex elementor-invisible e-con e-parent\" data-id=\"c0b0dbe\" data-element_type=\"container\" data-settings=\"{&quot;animation&quot;:&quot;fadeIn&quot;}\">\n\t\t\t\t<div class=\"elementor-element elementor-element-6c6140e elementor-widget elementor-widget-template\" data-id=\"6c6140e\" data-element_type=\"widget\" data-widget_type=\"template.default\">\n\t\t\t\t<div class=\"elementor-widget-container\">\n\t\t\t\t\t\t\t<div class=\"elementor-template\">\n\t\t\t\t\t<div data-elementor-type=\"container\" data-elementor-id=\"1339\" class=\"elementor elementor-1339 elementor-213\" data-elementor-post-type=\"elementor_library\">\n\t\t\t\t<div class=\"elementor-element elementor-element-2f31ef36 e-flex e-con-boxed e-con e-parent\" data-id=\"2f31ef36\" data-element_type=\"container\">\n\t\t\t\t\t<div class=\"e-con-inner\">\n\t\t<div class=\"elementor-element elementor-element-18d71fa2 e-con-full e-flex e-con e-child\" data-id=\"18d71fa2\" data-element_type=\"container\">\n\t\t\t\t<div class=\"elementor-element elementor-element-1994b98 elementor-widget elementor-widget-heading\" data-id=\"1994b98\" data-element_type=\"widget\" data-widget_type=\"heading.default\">\n\t\t\t\t<div class=\"elementor-widget-container\">\n\t\t\t\t\t<h3 class=\"elementor-heading-title elementor-size-default\">Cal Vinyet<\/h3>\t\t\t\t<\/div>\n\t\t\t\t<\/div>\n\t\t\t\t<div class=\"elementor-element elementor-element-6bf67197 elementor-widget elementor-widget-image\" data-id=\"6bf67197\" data-element_type=\"widget\" data-widget_type=\"image.default\">\n\t\t\t\t<div class=\"elementor-widget-container\">\n\t\t\t\t\t\t\t\t\t\t\t\t\t\t\t<img decoding=\"async\" src=\"https:\/\/www.canhoms.es\/wp-content\/uploads\/2024\/03\/home-cal-vinyet.jpg\" title=\"\" alt=\"\" loading=\"lazy\" \/>\t\t\t\t\t\t\t\t\t\t\t\t\t\t\t<\/div>\n\t\t\t\t<\/div>\n\t\t\t\t<div class=\"elementor-element elementor-element-ef7243c elementor-widget elementor-widget-text-editor\" data-id=\"ef7243c\" data-element_type=\"widget\" data-widget_type=\"text-editor.default\">\n\t\t\t\t<div class=\"elementor-widget-container\">\n\t\t\t\t\t\t\t\t\t<p>Descobreix l&#8217;eleg\u00e0ncia i la tranquil\u00b7litat al nostre exclusiu apartament Cal Vinyet.<\/p>\t\t\t\t\t\t\t\t<\/div>\n\t\t\t\t<\/div>\n\t\t\t\t<div class=\"elementor-element elementor-element-2df6ee2e elementor-widget elementor-widget-button\" data-id=\"2df6ee2e\" data-element_type=\"widget\" data-widget_type=\"button.default\">\n\t\t\t\t<div class=\"elementor-widget-container\">\n\t\t\t\t\t\t\t\t\t<div class=\"elementor-button-wrapper\">\n\t\t\t\t\t<a class=\"elementor-button elementor-button-link elementor-size-sm\" href=\"https:\/\/www.canhoms.es\/ca\/cases\/cal-vinyet\/\">\n\t\t\t\t\t\t<span class=\"elementor-button-content-wrapper\">\n\t\t\t\t\t\t\t\t\t<span class=\"elementor-button-text\">Saber m\u00e9s sobre Cal Vinyet<\/span>\n\t\t\t\t\t<\/span>\n\t\t\t\t\t<\/a>\n\t\t\t\t<\/div>\n\t\t\t\t\t\t\t\t<\/div>\n\t\t\t\t<\/div>\n\t\t\t\t<\/div>\n\t\t<div class=\"elementor-element elementor-element-2a75b19d e-con-full e-flex e-con e-child\" data-id=\"2a75b19d\" data-element_type=\"container\">\n\t\t\t\t<div class=\"elementor-element elementor-element-a90344b elementor-widget elementor-widget-heading\" data-id=\"a90344b\" data-element_type=\"widget\" data-widget_type=\"heading.default\">\n\t\t\t\t<div class=\"elementor-widget-container\">\n\t\t\t\t\t<h3 class=\"elementor-heading-title elementor-size-default\">Cal Masover<\/h3>\t\t\t\t<\/div>\n\t\t\t\t<\/div>\n\t\t\t\t<div class=\"elementor-element elementor-element-198971ea elementor-widget elementor-widget-image\" data-id=\"198971ea\" data-element_type=\"widget\" data-widget_type=\"image.default\">\n\t\t\t\t<div class=\"elementor-widget-container\">\n\t\t\t\t\t\t\t\t\t\t\t\t\t\t\t<img decoding=\"async\" width=\"800\" height=\"800\" src=\"https:\/\/www.canhoms.es\/wp-content\/uploads\/2024\/03\/home-cal-masover.jpg\" class=\"attachment-large size-large wp-image-892\" alt=\"\" srcset=\"https:\/\/www.canhoms.es\/wp-content\/uploads\/2024\/03\/home-cal-masover.jpg 960w, https:\/\/www.canhoms.es\/wp-content\/uploads\/2024\/03\/home-cal-masover-300x300.jpg 300w, https:\/\/www.canhoms.es\/wp-content\/uploads\/2024\/03\/home-cal-masover-150x150.jpg 150w, https:\/\/www.canhoms.es\/wp-content\/uploads\/2024\/03\/home-cal-masover-768x768.jpg 768w\" sizes=\"(max-width: 800px) 100vw, 800px\" \/>\t\t\t\t\t\t\t\t\t\t\t\t\t\t\t<\/div>\n\t\t\t\t<\/div>\n\t\t\t\t<div class=\"elementor-element elementor-element-731e26ca elementor-widget elementor-widget-text-editor\" data-id=\"731e26ca\" data-element_type=\"widget\" data-widget_type=\"text-editor.default\">\n\t\t\t\t<div class=\"elementor-widget-container\">\n\t\t\t\t\t\t\t\t\t<p>Explora el confort i la tranquil\u00b7litat a la nostra exclusiva casa rural Cal Masover.<\/p>\t\t\t\t\t\t\t\t<\/div>\n\t\t\t\t<\/div>\n\t\t\t\t<div class=\"elementor-element elementor-element-5bee1d9f elementor-widget elementor-widget-button\" data-id=\"5bee1d9f\" data-element_type=\"widget\" data-widget_type=\"button.default\">\n\t\t\t\t<div class=\"elementor-widget-container\">\n\t\t\t\t\t\t\t\t\t<div class=\"elementor-button-wrapper\">\n\t\t\t\t\t<a class=\"elementor-button elementor-button-link elementor-size-sm\" href=\"https:\/\/www.canhoms.es\/ca\/cases\/cal-masover\/\">\n\t\t\t\t\t\t<span class=\"elementor-button-content-wrapper\">\n\t\t\t\t\t\t\t\t\t<span class=\"elementor-button-text\">Saber m\u00e9s sobre Cal Masover<\/span>\n\t\t\t\t\t<\/span>\n\t\t\t\t\t<\/a>\n\t\t\t\t<\/div>\n\t\t\t\t\t\t\t\t<\/div>\n\t\t\t\t<\/div>\n\t\t\t\t<\/div>\n\t\t\t\t\t<\/div>\n\t\t\t\t<\/div>\n\t\t\t\t<\/div>\n\t\t\t\t<\/div>\n\t\t\t\t\t\t<\/div>\n\t\t\t\t<\/div>\n\t\t\t\t<\/div>\n\t\t\t\t<\/div>\n\t\t","protected":false},"excerpt":{"rendered":"<p>Can Homs Beuda Can Homs \u00e9s a Beuda, a la regi\u00f3 de Catalunya, a 27 km de Museu Dal\u00ed. Ofereix allotjament amb wifi gratis, zona de jocs infantil, piscina a l&#8217;aire lliure i p\u00e0rquing privat gratis. Cada unitat t\u00e9 terrassa amb vistes a la muntanya, TV de pantalla plana, zona de menjador, cuina ben equipada [&hellip;]<\/p>\n","protected":false},"author":1,"featured_media":0,"parent":0,"menu_order":0,"comment_status":"closed","ping_status":"closed","template":"","meta":{"footnotes":""},"class_list":["post-1324","page","type-page","status-publish","hentry"],"yoast_head":"<!-- This site is optimized with the Yoast SEO plugin v25.1 - https:\/\/yoast.com\/wordpress\/plugins\/seo\/ -->\n<title>Qui som - Can Homs<\/title>\n<meta name=\"robots\" content=\"index, follow, max-snippet:-1, max-image-preview:large, max-video-preview:-1\" \/>\n<link rel=\"canonical\" href=\"https:\/\/www.canhoms.es\/ca\/qui-som\/\" \/>\n<meta property=\"og:locale\" content=\"ca_ES\" \/>\n<meta property=\"og:type\" content=\"article\" \/>\n<meta property=\"og:title\" content=\"Qui som - Can Homs\" \/>\n<meta property=\"og:description\" content=\"Can Homs Beuda Can Homs \u00e9s a Beuda, a la regi\u00f3 de Catalunya, a 27 km de Museu Dal\u00ed. Ofereix allotjament amb wifi gratis, zona de jocs infantil, piscina a l&#8217;aire lliure i p\u00e0rquing privat gratis. Cada unitat t\u00e9 terrassa amb vistes a la muntanya, TV de pantalla plana, zona de menjador, cuina ben equipada [&hellip;]\" \/>\n<meta property=\"og:url\" content=\"https:\/\/www.canhoms.es\/ca\/qui-som\/\" \/>\n<meta property=\"og:site_name\" content=\"Can Homs\" \/>\n<meta property=\"article:modified_time\" content=\"2024-04-19T07:39:13+00:00\" \/>\n<meta property=\"og:image\" content=\"https:\/\/www.canhoms.es\/wp-content\/uploads\/2024\/03\/about-historia.jpg\" \/>\n<meta name=\"twitter:card\" content=\"summary_large_image\" \/>\n<meta name=\"twitter:label1\" content=\"Temps estimat de lectura\" \/>\n\t<meta name=\"twitter:data1\" content=\"4 minuts\" \/>\n<script type=\"application\/ld+json\" class=\"yoast-schema-graph\">{\"@context\":\"https:\/\/schema.org\",\"@graph\":[{\"@type\":\"WebPage\",\"@id\":\"https:\/\/www.canhoms.es\/ca\/qui-som\/\",\"url\":\"https:\/\/www.canhoms.es\/ca\/qui-som\/\",\"name\":\"Qui som - Can Homs\",\"isPartOf\":{\"@id\":\"https:\/\/www.canhoms.es\/ca\/#website\"},\"primaryImageOfPage\":{\"@id\":\"https:\/\/www.canhoms.es\/ca\/qui-som\/#primaryimage\"},\"image\":{\"@id\":\"https:\/\/www.canhoms.es\/ca\/qui-som\/#primaryimage\"},\"thumbnailUrl\":\"https:\/\/www.canhoms.es\/wp-content\/uploads\/2024\/03\/about-historia.jpg\",\"datePublished\":\"2024-03-26T15:32:50+00:00\",\"dateModified\":\"2024-04-19T07:39:13+00:00\",\"breadcrumb\":{\"@id\":\"https:\/\/www.canhoms.es\/ca\/qui-som\/#breadcrumb\"},\"inLanguage\":\"ca\",\"potentialAction\":[{\"@type\":\"ReadAction\",\"target\":[\"https:\/\/www.canhoms.es\/ca\/qui-som\/\"]}]},{\"@type\":\"ImageObject\",\"inLanguage\":\"ca\",\"@id\":\"https:\/\/www.canhoms.es\/ca\/qui-som\/#primaryimage\",\"url\":\"https:\/\/www.canhoms.es\/wp-content\/uploads\/2024\/03\/about-historia.jpg\",\"contentUrl\":\"https:\/\/www.canhoms.es\/wp-content\/uploads\/2024\/03\/about-historia.jpg\"},{\"@type\":\"BreadcrumbList\",\"@id\":\"https:\/\/www.canhoms.es\/ca\/qui-som\/#breadcrumb\",\"itemListElement\":[{\"@type\":\"ListItem\",\"position\":1,\"name\":\"Portada\",\"item\":\"https:\/\/www.canhoms.es\/ca\/\"},{\"@type\":\"ListItem\",\"position\":2,\"name\":\"Qui som\"}]},{\"@type\":\"WebSite\",\"@id\":\"https:\/\/www.canhoms.es\/ca\/#website\",\"url\":\"https:\/\/www.canhoms.es\/ca\/\",\"name\":\"Can Homs\",\"description\":\"\",\"publisher\":{\"@id\":\"https:\/\/www.canhoms.es\/ca\/#organization\"},\"potentialAction\":[{\"@type\":\"SearchAction\",\"target\":{\"@type\":\"EntryPoint\",\"urlTemplate\":\"https:\/\/www.canhoms.es\/ca\/?s={search_term_string}\"},\"query-input\":{\"@type\":\"PropertyValueSpecification\",\"valueRequired\":true,\"valueName\":\"search_term_string\"}}],\"inLanguage\":\"ca\"},{\"@type\":\"Organization\",\"@id\":\"https:\/\/www.canhoms.es\/ca\/#organization\",\"name\":\"Can Homs\",\"url\":\"https:\/\/www.canhoms.es\/ca\/\",\"logo\":{\"@type\":\"ImageObject\",\"inLanguage\":\"ca\",\"@id\":\"https:\/\/www.canhoms.es\/ca\/#\/schema\/logo\/image\/\",\"url\":\"https:\/\/www.canhoms.es\/wp-content\/uploads\/2024\/03\/logo.svg\",\"contentUrl\":\"https:\/\/www.canhoms.es\/wp-content\/uploads\/2024\/03\/logo.svg\",\"width\":160,\"height\":50,\"caption\":\"Can Homs\"},\"image\":{\"@id\":\"https:\/\/www.canhoms.es\/ca\/#\/schema\/logo\/image\/\"}}]}<\/script>\n<!-- \/ Yoast SEO plugin. -->","yoast_head_json":{"title":"Qui som - Can Homs","robots":{"index":"index","follow":"follow","max-snippet":"max-snippet:-1","max-image-preview":"max-image-preview:large","max-video-preview":"max-video-preview:-1"},"canonical":"https:\/\/www.canhoms.es\/ca\/qui-som\/","og_locale":"ca_ES","og_type":"article","og_title":"Qui som - Can Homs","og_description":"Can Homs Beuda Can Homs \u00e9s a Beuda, a la regi\u00f3 de Catalunya, a 27 km de Museu Dal\u00ed. Ofereix allotjament amb wifi gratis, zona de jocs infantil, piscina a l&#8217;aire lliure i p\u00e0rquing privat gratis. Cada unitat t\u00e9 terrassa amb vistes a la muntanya, TV de pantalla plana, zona de menjador, cuina ben equipada [&hellip;]","og_url":"https:\/\/www.canhoms.es\/ca\/qui-som\/","og_site_name":"Can Homs","article_modified_time":"2024-04-19T07:39:13+00:00","og_image":[{"url":"https:\/\/www.canhoms.es\/wp-content\/uploads\/2024\/03\/about-historia.jpg","type":"","width":"","height":""}],"twitter_card":"summary_large_image","twitter_misc":{"Temps estimat de lectura":"4 minuts"},"schema":{"@context":"https:\/\/schema.org","@graph":[{"@type":"WebPage","@id":"https:\/\/www.canhoms.es\/ca\/qui-som\/","url":"https:\/\/www.canhoms.es\/ca\/qui-som\/","name":"Qui som - Can Homs","isPartOf":{"@id":"https:\/\/www.canhoms.es\/ca\/#website"},"primaryImageOfPage":{"@id":"https:\/\/www.canhoms.es\/ca\/qui-som\/#primaryimage"},"image":{"@id":"https:\/\/www.canhoms.es\/ca\/qui-som\/#primaryimage"},"thumbnailUrl":"https:\/\/www.canhoms.es\/wp-content\/uploads\/2024\/03\/about-historia.jpg","datePublished":"2024-03-26T15:32:50+00:00","dateModified":"2024-04-19T07:39:13+00:00","breadcrumb":{"@id":"https:\/\/www.canhoms.es\/ca\/qui-som\/#breadcrumb"},"inLanguage":"ca","potentialAction":[{"@type":"ReadAction","target":["https:\/\/www.canhoms.es\/ca\/qui-som\/"]}]},{"@type":"ImageObject","inLanguage":"ca","@id":"https:\/\/www.canhoms.es\/ca\/qui-som\/#primaryimage","url":"https:\/\/www.canhoms.es\/wp-content\/uploads\/2024\/03\/about-historia.jpg","contentUrl":"https:\/\/www.canhoms.es\/wp-content\/uploads\/2024\/03\/about-historia.jpg"},{"@type":"BreadcrumbList","@id":"https:\/\/www.canhoms.es\/ca\/qui-som\/#breadcrumb","itemListElement":[{"@type":"ListItem","position":1,"name":"Portada","item":"https:\/\/www.canhoms.es\/ca\/"},{"@type":"ListItem","position":2,"name":"Qui som"}]},{"@type":"WebSite","@id":"https:\/\/www.canhoms.es\/ca\/#website","url":"https:\/\/www.canhoms.es\/ca\/","name":"Can Homs","description":"","publisher":{"@id":"https:\/\/www.canhoms.es\/ca\/#organization"},"potentialAction":[{"@type":"SearchAction","target":{"@type":"EntryPoint","urlTemplate":"https:\/\/www.canhoms.es\/ca\/?s={search_term_string}"},"query-input":{"@type":"PropertyValueSpecification","valueRequired":true,"valueName":"search_term_string"}}],"inLanguage":"ca"},{"@type":"Organization","@id":"https:\/\/www.canhoms.es\/ca\/#organization","name":"Can Homs","url":"https:\/\/www.canhoms.es\/ca\/","logo":{"@type":"ImageObject","inLanguage":"ca","@id":"https:\/\/www.canhoms.es\/ca\/#\/schema\/logo\/image\/","url":"https:\/\/www.canhoms.es\/wp-content\/uploads\/2024\/03\/logo.svg","contentUrl":"https:\/\/www.canhoms.es\/wp-content\/uploads\/2024\/03\/logo.svg","width":160,"height":50,"caption":"Can Homs"},"image":{"@id":"https:\/\/www.canhoms.es\/ca\/#\/schema\/logo\/image\/"}}]}},"_links":{"self":[{"href":"https:\/\/www.canhoms.es\/ca\/wp-json\/wp\/v2\/pages\/1324","targetHints":{"allow":["GET"]}}],"collection":[{"href":"https:\/\/www.canhoms.es\/ca\/wp-json\/wp\/v2\/pages"}],"about":[{"href":"https:\/\/www.canhoms.es\/ca\/wp-json\/wp\/v2\/types\/page"}],"author":[{"embeddable":true,"href":"https:\/\/www.canhoms.es\/ca\/wp-json\/wp\/v2\/users\/1"}],"replies":[{"embeddable":true,"href":"https:\/\/www.canhoms.es\/ca\/wp-json\/wp\/v2\/comments?post=1324"}],"version-history":[{"count":4,"href":"https:\/\/www.canhoms.es\/ca\/wp-json\/wp\/v2\/pages\/1324\/revisions"}],"predecessor-version":[{"id":1485,"href":"https:\/\/www.canhoms.es\/ca\/wp-json\/wp\/v2\/pages\/1324\/revisions\/1485"}],"wp:attachment":[{"href":"https:\/\/www.canhoms.es\/ca\/wp-json\/wp\/v2\/media?parent=1324"}],"curies":[{"name":"wp","href":"https:\/\/api.w.org\/{rel}","templated":true}]}}