{"id":1326,"date":"2024-03-26T15:32:50","date_gmt":"2024-03-26T15:32:50","guid":{"rendered":"https:\/\/www.canhoms.es\/quienes-somos\/"},"modified":"2024-04-19T08:53:22","modified_gmt":"2024-04-19T08:53:22","slug":"qui-sommes-nous","status":"publish","type":"page","link":"https:\/\/www.canhoms.es\/fr\/qui-sommes-nous\/","title":{"rendered":"Qui sommes-nous ?"},"content":{"rendered":"\t\t<div data-elementor-type=\"wp-post\" data-elementor-id=\"1326\" class=\"elementor elementor-1326 elementor-193\" data-elementor-post-type=\"page\">\n\t\t\t\t<div class=\"elementor-element elementor-element-59b65a7 e-con-full e-flex elementor-invisible e-con e-parent\" data-id=\"59b65a7\" data-element_type=\"container\" data-settings=\"{&quot;background_background&quot;:&quot;classic&quot;,&quot;animation&quot;:&quot;fadeIn&quot;}\">\n\t\t\t\t<div class=\"elementor-element elementor-element-109c493 elementor-widget elementor-widget-heading\" data-id=\"109c493\" data-element_type=\"widget\" data-widget_type=\"heading.default\">\n\t\t\t\t<div class=\"elementor-widget-container\">\n\t\t\t\t\t<h1 class=\"elementor-heading-title elementor-size-default\">Qui sommes-nous ?<\/h1>\t\t\t\t<\/div>\n\t\t\t\t<\/div>\n\t\t\t\t<\/div>\n\t\t<div class=\"elementor-element elementor-element-57a32be e-flex e-con-boxed elementor-invisible e-con e-parent\" data-id=\"57a32be\" data-element_type=\"container\" data-settings=\"{&quot;animation&quot;:&quot;fadeIn&quot;}\">\n\t\t\t\t\t<div class=\"e-con-inner\">\n\t\t\t\t<div class=\"elementor-element elementor-element-dc779ce elementor-widget elementor-widget-heading\" data-id=\"dc779ce\" data-element_type=\"widget\" data-widget_type=\"heading.default\">\n\t\t\t\t<div class=\"elementor-widget-container\">\n\t\t\t\t\t<h2 class=\"elementor-heading-title elementor-size-default\">Can Homs Beuda<\/h2>\t\t\t\t<\/div>\n\t\t\t\t<\/div>\n\t\t\t\t<div class=\"elementor-element elementor-element-3e920fe elementor-widget elementor-widget-text-editor\" data-id=\"3e920fe\" data-element_type=\"widget\" data-widget_type=\"text-editor.default\">\n\t\t\t\t<div class=\"elementor-widget-container\">\n\t\t\t\t\t\t\t\t\t<p>Can Homs est situ\u00e9 \u00e0 Beuda dans la r\u00e9gion de Catalogne, \u00e0 27 km du mus\u00e9e Dal\u00ed. Il propose un h\u00e9bergement avec une connexion Wi-Fi gratuite, une aire de jeux pour enfants, une piscine ext\u00e9rieure et un parking priv\u00e9 gratuit.<\/p><p>Chaque unit\u00e9 dispose d&rsquo;une terrasse avec vue sur les montagnes, d&rsquo;une t\u00e9l\u00e9vision \u00e0 \u00e9cran plat, d&rsquo;un coin repas, d&rsquo;une cuisine bien \u00e9quip\u00e9e et d&rsquo;une salle de bains priv\u00e9e avec douche, articles de toilette gratuits et s\u00e8che-cheveux. Un r\u00e9frig\u00e9rateur, un lave-vaisselle et un four \u00e0 micro-ondes sont \u00e9galement fournis, ainsi qu&rsquo;une machine \u00e0 caf\u00e9.<\/p><p>\u00c0 l&rsquo;appartement, les h\u00f4tes peuvent faire du v\u00e9lo dans les environs ou profiter du jardin.<\/p><p>La gare de G\u00e9rone se trouve \u00e0 36 km de la propri\u00e9t\u00e9, et le terrain de golf de Peralada \u00e0 41 km. L&rsquo;a\u00e9roport le plus proche (Girona &#8211; Costa Brava Airport) se trouve \u00e0 49 km de la propri\u00e9t\u00e9.<\/p>\t\t\t\t\t\t\t\t<\/div>\n\t\t\t\t<\/div>\n\t\t\t\t\t<\/div>\n\t\t\t\t<\/div>\n\t\t<div class=\"elementor-element elementor-element-1410280 e-flex e-con-boxed elementor-invisible e-con e-parent\" data-id=\"1410280\" data-element_type=\"container\" data-settings=\"{&quot;animation&quot;:&quot;fadeIn&quot;}\">\n\t\t\t\t\t<div class=\"e-con-inner\">\n\t\t<div class=\"elementor-element elementor-element-30099bb e-con-full e-flex e-con e-child\" data-id=\"30099bb\" data-element_type=\"container\">\n\t\t\t\t<div class=\"elementor-element elementor-element-63a2f3d elementor-widget elementor-widget-heading\" data-id=\"63a2f3d\" data-element_type=\"widget\" data-widget_type=\"heading.default\">\n\t\t\t\t<div class=\"elementor-widget-container\">\n\t\t\t\t\t<h3 class=\"elementor-heading-title elementor-size-default\">Notre histoire<\/h3>\t\t\t\t<\/div>\n\t\t\t\t<\/div>\n\t\t\t\t<div class=\"elementor-element elementor-element-3568ba4 elementor-widget elementor-widget-text-editor\" data-id=\"3568ba4\" data-element_type=\"widget\" data-widget_type=\"text-editor.default\">\n\t\t\t\t<div class=\"elementor-widget-container\">\n\t\t\t\t\t\t\t\t\t<p>Plongez dans la riche histoire de notre ferme de Beuda (G\u00e9rone), qui date du XVIIe si\u00e8cle et a \u00e9t\u00e9 r\u00e9cemment r\u00e9nov\u00e9e avec passion et d\u00e9vouement. Depuis l&rsquo;ann\u00e9e derni\u00e8re, nous nous sommes lanc\u00e9s dans un projet passionnant d&rsquo;expansion et d&rsquo;am\u00e9lioration, avec notamment la cr\u00e9ation de nouvelles piscines d&rsquo;eau sal\u00e9e.<\/p><p>Chaque jour, avec effort et enthousiasme, nous travaillons pour offrir \u00e0 nos h\u00f4tes une exp\u00e9rience inoubliable dans un environnement plein de charme et de tradition en Catalogne.<\/p>\t\t\t\t\t\t\t\t<\/div>\n\t\t\t\t<\/div>\n\t\t\t\t<\/div>\n\t\t<div class=\"elementor-element elementor-element-d1aa8de e-con-full e-flex e-con e-child\" data-id=\"d1aa8de\" data-element_type=\"container\">\n\t\t\t\t<div class=\"elementor-element elementor-element-79918a9 elementor-widget elementor-widget-image\" data-id=\"79918a9\" data-element_type=\"widget\" data-widget_type=\"image.default\">\n\t\t\t\t<div class=\"elementor-widget-container\">\n\t\t\t\t\t\t\t\t\t\t\t\t\t\t\t<img fetchpriority=\"high\" decoding=\"async\" width=\"530\" height=\"743\" src=\"https:\/\/www.canhoms.es\/wp-content\/uploads\/2024\/03\/about-historia.jpg\" class=\"attachment-large size-large wp-image-945\" alt=\"\" srcset=\"https:\/\/www.canhoms.es\/wp-content\/uploads\/2024\/03\/about-historia.jpg 530w, https:\/\/www.canhoms.es\/wp-content\/uploads\/2024\/03\/about-historia-214x300.jpg 214w\" sizes=\"(max-width: 530px) 100vw, 530px\" \/>\t\t\t\t\t\t\t\t\t\t\t\t\t\t\t<\/div>\n\t\t\t\t<\/div>\n\t\t\t\t<\/div>\n\t\t\t\t\t<\/div>\n\t\t\t\t<\/div>\n\t\t<div class=\"elementor-element elementor-element-08e2f53 e-flex e-con-boxed elementor-invisible e-con e-parent\" data-id=\"08e2f53\" data-element_type=\"container\" data-settings=\"{&quot;animation&quot;:&quot;fadeIn&quot;}\">\n\t\t\t\t\t<div class=\"e-con-inner\">\n\t\t<div class=\"elementor-element elementor-element-5818e06 e-con-full e-flex e-con e-child\" data-id=\"5818e06\" data-element_type=\"container\">\n\t\t\t\t<div class=\"elementor-element elementor-element-60ce2c6 elementor-widget elementor-widget-heading\" data-id=\"60ce2c6\" data-element_type=\"widget\" data-widget_type=\"heading.default\">\n\t\t\t\t<div class=\"elementor-widget-container\">\n\t\t\t\t\t<h3 class=\"elementor-heading-title elementor-size-default\">D\u00e9couvrez les environs de la ferme<\/h3>\t\t\t\t<\/div>\n\t\t\t\t<\/div>\n\t\t\t\t<div class=\"elementor-element elementor-element-2ef0a82 elementor-widget elementor-widget-text-editor\" data-id=\"2ef0a82\" data-element_type=\"widget\" data-widget_type=\"text-editor.default\">\n\t\t\t\t<div class=\"elementor-widget-container\">\n\t\t\t\t\t\t\t\t\t<p>Partez \u00e0 l&rsquo;aventure autour de notre ferme de La Garrotxa (G\u00e9rone), o\u00f9 vous trouverez une grande vari\u00e9t\u00e9 d&rsquo;activit\u00e9s et de lieux \u00e0 explorer. Des parcs naturels aux mus\u00e9es locaux, il y en a pour tous les go\u00fbts.<\/p><p>Profitez de la beaut\u00e9 du Parc de la Draga, explorez les sentiers du volcan Croscat ou plongez-vous dans l&rsquo;histoire au Mus\u00e9e de la Garrotxa. Vous pourrez \u00e9galement savourer de d\u00e9licieuses exp\u00e9riences gastronomiques dans les villages voisins et d\u00e9couvrir de charmants coins pleins de tradition et d&rsquo;authenticit\u00e9. Venez passer vos vacances dans la Garrotxa et s\u00e9journez \u00e0 Can Homs !<\/p>\t\t\t\t\t\t\t\t<\/div>\n\t\t\t\t<\/div>\n\t\t\t\t<\/div>\n\t\t<div class=\"elementor-element elementor-element-f8d5896 e-con-full e-flex e-con e-child\" data-id=\"f8d5896\" data-element_type=\"container\">\n\t\t\t\t<div class=\"elementor-element elementor-element-e1d1326 elementor-widget elementor-widget-image\" data-id=\"e1d1326\" data-element_type=\"widget\" data-widget_type=\"image.default\">\n\t\t\t\t<div class=\"elementor-widget-container\">\n\t\t\t\t\t\t\t\t\t\t\t\t\t\t\t<img decoding=\"async\" width=\"530\" height=\"743\" src=\"https:\/\/www.canhoms.es\/wp-content\/uploads\/2024\/03\/about-entorno.jpg\" class=\"attachment-large size-large wp-image-948\" alt=\"\" srcset=\"https:\/\/www.canhoms.es\/wp-content\/uploads\/2024\/03\/about-entorno.jpg 530w, https:\/\/www.canhoms.es\/wp-content\/uploads\/2024\/03\/about-entorno-214x300.jpg 214w\" sizes=\"(max-width: 530px) 100vw, 530px\" \/>\t\t\t\t\t\t\t\t\t\t\t\t\t\t\t<\/div>\n\t\t\t\t<\/div>\n\t\t\t\t<\/div>\n\t\t\t\t\t<\/div>\n\t\t\t\t<\/div>\n\t\t<div class=\"elementor-element elementor-element-c0b0dbe e-con-full e-flex elementor-invisible e-con e-parent\" data-id=\"c0b0dbe\" data-element_type=\"container\" data-settings=\"{&quot;animation&quot;:&quot;fadeIn&quot;}\">\n\t\t\t\t<div class=\"elementor-element elementor-element-6c6140e elementor-widget elementor-widget-template\" data-id=\"6c6140e\" data-element_type=\"widget\" data-widget_type=\"template.default\">\n\t\t\t\t<div class=\"elementor-widget-container\">\n\t\t\t\t\t\t\t<div class=\"elementor-template\">\n\t\t\t\t\t<div data-elementor-type=\"container\" data-elementor-id=\"1341\" class=\"elementor elementor-1341 elementor-213\" data-elementor-post-type=\"elementor_library\">\n\t\t\t\t<div class=\"elementor-element elementor-element-2f31ef36 e-flex e-con-boxed e-con e-parent\" data-id=\"2f31ef36\" data-element_type=\"container\">\n\t\t\t\t\t<div class=\"e-con-inner\">\n\t\t<div class=\"elementor-element elementor-element-18d71fa2 e-con-full e-flex e-con e-child\" data-id=\"18d71fa2\" data-element_type=\"container\">\n\t\t\t\t<div class=\"elementor-element elementor-element-1994b98 elementor-widget elementor-widget-heading\" data-id=\"1994b98\" data-element_type=\"widget\" data-widget_type=\"heading.default\">\n\t\t\t\t<div class=\"elementor-widget-container\">\n\t\t\t\t\t<h3 class=\"elementor-heading-title elementor-size-default\">Cal Vinyet<\/h3>\t\t\t\t<\/div>\n\t\t\t\t<\/div>\n\t\t\t\t<div class=\"elementor-element elementor-element-6bf67197 elementor-widget elementor-widget-image\" data-id=\"6bf67197\" data-element_type=\"widget\" data-widget_type=\"image.default\">\n\t\t\t\t<div class=\"elementor-widget-container\">\n\t\t\t\t\t\t\t\t\t\t\t\t\t\t\t<img decoding=\"async\" src=\"https:\/\/www.canhoms.es\/wp-content\/uploads\/2024\/03\/home-cal-vinyet.jpg\" title=\"\" alt=\"\" loading=\"lazy\" \/>\t\t\t\t\t\t\t\t\t\t\t\t\t\t\t<\/div>\n\t\t\t\t<\/div>\n\t\t\t\t<div class=\"elementor-element elementor-element-ef7243c elementor-widget elementor-widget-text-editor\" data-id=\"ef7243c\" data-element_type=\"widget\" data-widget_type=\"text-editor.default\">\n\t\t\t\t<div class=\"elementor-widget-container\">\n\t\t\t\t\t\t\t\t\t<p>D\u00e9couvrez l&rsquo;\u00e9l\u00e9gance et la tranquillit\u00e9 de notre appartement exclusif de Cal Vinyet.<\/p>\t\t\t\t\t\t\t\t<\/div>\n\t\t\t\t<\/div>\n\t\t\t\t<div class=\"elementor-element elementor-element-2df6ee2e elementor-widget elementor-widget-button\" data-id=\"2df6ee2e\" data-element_type=\"widget\" data-widget_type=\"button.default\">\n\t\t\t\t<div class=\"elementor-widget-container\">\n\t\t\t\t\t\t\t\t\t<div class=\"elementor-button-wrapper\">\n\t\t\t\t\t<a class=\"elementor-button elementor-button-link elementor-size-sm\" href=\"https:\/\/www.canhoms.es\/fr\/maisons\/cal-vinyet\/\">\n\t\t\t\t\t\t<span class=\"elementor-button-content-wrapper\">\n\t\t\t\t\t\t\t\t\t<span class=\"elementor-button-text\">EN SAVOIR PLUS SUR Cal Vinyet<\/span>\n\t\t\t\t\t<\/span>\n\t\t\t\t\t<\/a>\n\t\t\t\t<\/div>\n\t\t\t\t\t\t\t\t<\/div>\n\t\t\t\t<\/div>\n\t\t\t\t<\/div>\n\t\t<div class=\"elementor-element elementor-element-2a75b19d e-con-full e-flex e-con e-child\" data-id=\"2a75b19d\" data-element_type=\"container\">\n\t\t\t\t<div class=\"elementor-element elementor-element-a90344b elementor-widget elementor-widget-heading\" data-id=\"a90344b\" data-element_type=\"widget\" data-widget_type=\"heading.default\">\n\t\t\t\t<div class=\"elementor-widget-container\">\n\t\t\t\t\t<h3 class=\"elementor-heading-title elementor-size-default\">Cal Masover<\/h3>\t\t\t\t<\/div>\n\t\t\t\t<\/div>\n\t\t\t\t<div class=\"elementor-element elementor-element-198971ea elementor-widget elementor-widget-image\" data-id=\"198971ea\" data-element_type=\"widget\" data-widget_type=\"image.default\">\n\t\t\t\t<div class=\"elementor-widget-container\">\n\t\t\t\t\t\t\t\t\t\t\t\t\t\t\t<img decoding=\"async\" width=\"800\" height=\"800\" src=\"https:\/\/www.canhoms.es\/wp-content\/uploads\/2024\/03\/home-cal-masover.jpg\" class=\"attachment-large size-large wp-image-894\" alt=\"\" srcset=\"https:\/\/www.canhoms.es\/wp-content\/uploads\/2024\/03\/home-cal-masover.jpg 960w, https:\/\/www.canhoms.es\/wp-content\/uploads\/2024\/03\/home-cal-masover-300x300.jpg 300w, https:\/\/www.canhoms.es\/wp-content\/uploads\/2024\/03\/home-cal-masover-150x150.jpg 150w, https:\/\/www.canhoms.es\/wp-content\/uploads\/2024\/03\/home-cal-masover-768x768.jpg 768w\" sizes=\"(max-width: 800px) 100vw, 800px\" \/>\t\t\t\t\t\t\t\t\t\t\t\t\t\t\t<\/div>\n\t\t\t\t<\/div>\n\t\t\t\t<div class=\"elementor-element elementor-element-731e26ca elementor-widget elementor-widget-text-editor\" data-id=\"731e26ca\" data-element_type=\"widget\" data-widget_type=\"text-editor.default\">\n\t\t\t\t<div class=\"elementor-widget-container\">\n\t\t\t\t\t\t\t\t\t<p>D\u00e9couvrez le confort et la tranquillit\u00e9 de notre maison de campagne exclusive Cal Masover.<\/p>\t\t\t\t\t\t\t\t<\/div>\n\t\t\t\t<\/div>\n\t\t\t\t<div class=\"elementor-element elementor-element-5bee1d9f elementor-widget elementor-widget-button\" data-id=\"5bee1d9f\" data-element_type=\"widget\" data-widget_type=\"button.default\">\n\t\t\t\t<div class=\"elementor-widget-container\">\n\t\t\t\t\t\t\t\t\t<div class=\"elementor-button-wrapper\">\n\t\t\t\t\t<a class=\"elementor-button elementor-button-link elementor-size-sm\" href=\"https:\/\/www.canhoms.es\/fr\/maisons\/cal-masover\/\">\n\t\t\t\t\t\t<span class=\"elementor-button-content-wrapper\">\n\t\t\t\t\t\t\t\t\t<span class=\"elementor-button-text\">EN SAVOIR PLUS SUR Cal Masover<\/span>\n\t\t\t\t\t<\/span>\n\t\t\t\t\t<\/a>\n\t\t\t\t<\/div>\n\t\t\t\t\t\t\t\t<\/div>\n\t\t\t\t<\/div>\n\t\t\t\t<\/div>\n\t\t\t\t\t<\/div>\n\t\t\t\t<\/div>\n\t\t\t\t<\/div>\n\t\t\t\t<\/div>\n\t\t\t\t\t\t<\/div>\n\t\t\t\t<\/div>\n\t\t\t\t<\/div>\n\t\t\t\t<\/div>\n\t\t","protected":false},"excerpt":{"rendered":"<p>Can Homs Beuda Can Homs est situ\u00e9 \u00e0 Beuda dans la r\u00e9gion de Catalogne, \u00e0 27 km du mus\u00e9e Dal\u00ed. Il propose un h\u00e9bergement avec une connexion Wi-Fi gratuite, une aire de jeux pour enfants, une piscine ext\u00e9rieure et un parking priv\u00e9 gratuit. Chaque unit\u00e9 dispose d&rsquo;une terrasse avec vue sur les montagnes, d&rsquo;une t\u00e9l\u00e9vision [&hellip;]<\/p>\n","protected":false},"author":1,"featured_media":0,"parent":0,"menu_order":0,"comment_status":"closed","ping_status":"closed","template":"","meta":{"footnotes":""},"class_list":["post-1326","page","type-page","status-publish","hentry"],"yoast_head":"<!-- This site is optimized with the Yoast SEO plugin v25.1 - https:\/\/yoast.com\/wordpress\/plugins\/seo\/ -->\n<title>Qui sommes-nous ? - Can Homs<\/title>\n<meta name=\"robots\" content=\"index, follow, max-snippet:-1, max-image-preview:large, max-video-preview:-1\" \/>\n<link rel=\"canonical\" href=\"https:\/\/www.canhoms.es\/fr\/qui-sommes-nous\/\" \/>\n<meta property=\"og:locale\" content=\"fr_FR\" \/>\n<meta property=\"og:type\" content=\"article\" \/>\n<meta property=\"og:title\" content=\"Qui sommes-nous ? - Can Homs\" \/>\n<meta property=\"og:description\" content=\"Can Homs Beuda Can Homs est situ\u00e9 \u00e0 Beuda dans la r\u00e9gion de Catalogne, \u00e0 27 km du mus\u00e9e Dal\u00ed. Il propose un h\u00e9bergement avec une connexion Wi-Fi gratuite, une aire de jeux pour enfants, une piscine ext\u00e9rieure et un parking priv\u00e9 gratuit. Chaque unit\u00e9 dispose d&rsquo;une terrasse avec vue sur les montagnes, d&rsquo;une t\u00e9l\u00e9vision [&hellip;]\" \/>\n<meta property=\"og:url\" content=\"https:\/\/www.canhoms.es\/fr\/qui-sommes-nous\/\" \/>\n<meta property=\"og:site_name\" content=\"Can Homs\" \/>\n<meta property=\"article:modified_time\" content=\"2024-04-19T08:53:22+00:00\" \/>\n<meta property=\"og:image\" content=\"https:\/\/www.canhoms.es\/wp-content\/uploads\/2024\/03\/about-historia.jpg\" \/>\n<meta name=\"twitter:card\" content=\"summary_large_image\" \/>\n<meta name=\"twitter:label1\" content=\"Dur\u00e9e de lecture estim\u00e9e\" \/>\n\t<meta name=\"twitter:data1\" content=\"4 minutes\" \/>\n<script type=\"application\/ld+json\" class=\"yoast-schema-graph\">{\"@context\":\"https:\/\/schema.org\",\"@graph\":[{\"@type\":\"WebPage\",\"@id\":\"https:\/\/www.canhoms.es\/fr\/qui-sommes-nous\/\",\"url\":\"https:\/\/www.canhoms.es\/fr\/qui-sommes-nous\/\",\"name\":\"Qui sommes-nous ? - Can Homs\",\"isPartOf\":{\"@id\":\"https:\/\/www.canhoms.es\/fr\/#website\"},\"primaryImageOfPage\":{\"@id\":\"https:\/\/www.canhoms.es\/fr\/qui-sommes-nous\/#primaryimage\"},\"image\":{\"@id\":\"https:\/\/www.canhoms.es\/fr\/qui-sommes-nous\/#primaryimage\"},\"thumbnailUrl\":\"https:\/\/www.canhoms.es\/wp-content\/uploads\/2024\/03\/about-historia.jpg\",\"datePublished\":\"2024-03-26T15:32:50+00:00\",\"dateModified\":\"2024-04-19T08:53:22+00:00\",\"breadcrumb\":{\"@id\":\"https:\/\/www.canhoms.es\/fr\/qui-sommes-nous\/#breadcrumb\"},\"inLanguage\":\"fr-FR\",\"potentialAction\":[{\"@type\":\"ReadAction\",\"target\":[\"https:\/\/www.canhoms.es\/fr\/qui-sommes-nous\/\"]}]},{\"@type\":\"ImageObject\",\"inLanguage\":\"fr-FR\",\"@id\":\"https:\/\/www.canhoms.es\/fr\/qui-sommes-nous\/#primaryimage\",\"url\":\"https:\/\/www.canhoms.es\/wp-content\/uploads\/2024\/03\/about-historia.jpg\",\"contentUrl\":\"https:\/\/www.canhoms.es\/wp-content\/uploads\/2024\/03\/about-historia.jpg\"},{\"@type\":\"BreadcrumbList\",\"@id\":\"https:\/\/www.canhoms.es\/fr\/qui-sommes-nous\/#breadcrumb\",\"itemListElement\":[{\"@type\":\"ListItem\",\"position\":1,\"name\":\"Portada\",\"item\":\"https:\/\/www.canhoms.es\/fr\/\"},{\"@type\":\"ListItem\",\"position\":2,\"name\":\"Qui sommes-nous ?\"}]},{\"@type\":\"WebSite\",\"@id\":\"https:\/\/www.canhoms.es\/fr\/#website\",\"url\":\"https:\/\/www.canhoms.es\/fr\/\",\"name\":\"Can Homs\",\"description\":\"\",\"publisher\":{\"@id\":\"https:\/\/www.canhoms.es\/fr\/#organization\"},\"potentialAction\":[{\"@type\":\"SearchAction\",\"target\":{\"@type\":\"EntryPoint\",\"urlTemplate\":\"https:\/\/www.canhoms.es\/fr\/?s={search_term_string}\"},\"query-input\":{\"@type\":\"PropertyValueSpecification\",\"valueRequired\":true,\"valueName\":\"search_term_string\"}}],\"inLanguage\":\"fr-FR\"},{\"@type\":\"Organization\",\"@id\":\"https:\/\/www.canhoms.es\/fr\/#organization\",\"name\":\"Can Homs\",\"url\":\"https:\/\/www.canhoms.es\/fr\/\",\"logo\":{\"@type\":\"ImageObject\",\"inLanguage\":\"fr-FR\",\"@id\":\"https:\/\/www.canhoms.es\/fr\/#\/schema\/logo\/image\/\",\"url\":\"https:\/\/www.canhoms.es\/wp-content\/uploads\/2024\/03\/logo.svg\",\"contentUrl\":\"https:\/\/www.canhoms.es\/wp-content\/uploads\/2024\/03\/logo.svg\",\"width\":160,\"height\":50,\"caption\":\"Can Homs\"},\"image\":{\"@id\":\"https:\/\/www.canhoms.es\/fr\/#\/schema\/logo\/image\/\"}}]}<\/script>\n<!-- \/ Yoast SEO plugin. -->","yoast_head_json":{"title":"Qui sommes-nous ? - Can Homs","robots":{"index":"index","follow":"follow","max-snippet":"max-snippet:-1","max-image-preview":"max-image-preview:large","max-video-preview":"max-video-preview:-1"},"canonical":"https:\/\/www.canhoms.es\/fr\/qui-sommes-nous\/","og_locale":"fr_FR","og_type":"article","og_title":"Qui sommes-nous ? - Can Homs","og_description":"Can Homs Beuda Can Homs est situ\u00e9 \u00e0 Beuda dans la r\u00e9gion de Catalogne, \u00e0 27 km du mus\u00e9e Dal\u00ed. Il propose un h\u00e9bergement avec une connexion Wi-Fi gratuite, une aire de jeux pour enfants, une piscine ext\u00e9rieure et un parking priv\u00e9 gratuit. Chaque unit\u00e9 dispose d&rsquo;une terrasse avec vue sur les montagnes, d&rsquo;une t\u00e9l\u00e9vision [&hellip;]","og_url":"https:\/\/www.canhoms.es\/fr\/qui-sommes-nous\/","og_site_name":"Can Homs","article_modified_time":"2024-04-19T08:53:22+00:00","og_image":[{"url":"https:\/\/www.canhoms.es\/wp-content\/uploads\/2024\/03\/about-historia.jpg","type":"","width":"","height":""}],"twitter_card":"summary_large_image","twitter_misc":{"Dur\u00e9e de lecture estim\u00e9e":"4 minutes"},"schema":{"@context":"https:\/\/schema.org","@graph":[{"@type":"WebPage","@id":"https:\/\/www.canhoms.es\/fr\/qui-sommes-nous\/","url":"https:\/\/www.canhoms.es\/fr\/qui-sommes-nous\/","name":"Qui sommes-nous ? - Can Homs","isPartOf":{"@id":"https:\/\/www.canhoms.es\/fr\/#website"},"primaryImageOfPage":{"@id":"https:\/\/www.canhoms.es\/fr\/qui-sommes-nous\/#primaryimage"},"image":{"@id":"https:\/\/www.canhoms.es\/fr\/qui-sommes-nous\/#primaryimage"},"thumbnailUrl":"https:\/\/www.canhoms.es\/wp-content\/uploads\/2024\/03\/about-historia.jpg","datePublished":"2024-03-26T15:32:50+00:00","dateModified":"2024-04-19T08:53:22+00:00","breadcrumb":{"@id":"https:\/\/www.canhoms.es\/fr\/qui-sommes-nous\/#breadcrumb"},"inLanguage":"fr-FR","potentialAction":[{"@type":"ReadAction","target":["https:\/\/www.canhoms.es\/fr\/qui-sommes-nous\/"]}]},{"@type":"ImageObject","inLanguage":"fr-FR","@id":"https:\/\/www.canhoms.es\/fr\/qui-sommes-nous\/#primaryimage","url":"https:\/\/www.canhoms.es\/wp-content\/uploads\/2024\/03\/about-historia.jpg","contentUrl":"https:\/\/www.canhoms.es\/wp-content\/uploads\/2024\/03\/about-historia.jpg"},{"@type":"BreadcrumbList","@id":"https:\/\/www.canhoms.es\/fr\/qui-sommes-nous\/#breadcrumb","itemListElement":[{"@type":"ListItem","position":1,"name":"Portada","item":"https:\/\/www.canhoms.es\/fr\/"},{"@type":"ListItem","position":2,"name":"Qui sommes-nous ?"}]},{"@type":"WebSite","@id":"https:\/\/www.canhoms.es\/fr\/#website","url":"https:\/\/www.canhoms.es\/fr\/","name":"Can Homs","description":"","publisher":{"@id":"https:\/\/www.canhoms.es\/fr\/#organization"},"potentialAction":[{"@type":"SearchAction","target":{"@type":"EntryPoint","urlTemplate":"https:\/\/www.canhoms.es\/fr\/?s={search_term_string}"},"query-input":{"@type":"PropertyValueSpecification","valueRequired":true,"valueName":"search_term_string"}}],"inLanguage":"fr-FR"},{"@type":"Organization","@id":"https:\/\/www.canhoms.es\/fr\/#organization","name":"Can Homs","url":"https:\/\/www.canhoms.es\/fr\/","logo":{"@type":"ImageObject","inLanguage":"fr-FR","@id":"https:\/\/www.canhoms.es\/fr\/#\/schema\/logo\/image\/","url":"https:\/\/www.canhoms.es\/wp-content\/uploads\/2024\/03\/logo.svg","contentUrl":"https:\/\/www.canhoms.es\/wp-content\/uploads\/2024\/03\/logo.svg","width":160,"height":50,"caption":"Can Homs"},"image":{"@id":"https:\/\/www.canhoms.es\/fr\/#\/schema\/logo\/image\/"}}]}},"_links":{"self":[{"href":"https:\/\/www.canhoms.es\/fr\/wp-json\/wp\/v2\/pages\/1326","targetHints":{"allow":["GET"]}}],"collection":[{"href":"https:\/\/www.canhoms.es\/fr\/wp-json\/wp\/v2\/pages"}],"about":[{"href":"https:\/\/www.canhoms.es\/fr\/wp-json\/wp\/v2\/types\/page"}],"author":[{"embeddable":true,"href":"https:\/\/www.canhoms.es\/fr\/wp-json\/wp\/v2\/users\/1"}],"replies":[{"embeddable":true,"href":"https:\/\/www.canhoms.es\/fr\/wp-json\/wp\/v2\/comments?post=1326"}],"version-history":[{"count":4,"href":"https:\/\/www.canhoms.es\/fr\/wp-json\/wp\/v2\/pages\/1326\/revisions"}],"predecessor-version":[{"id":1552,"href":"https:\/\/www.canhoms.es\/fr\/wp-json\/wp\/v2\/pages\/1326\/revisions\/1552"}],"wp:attachment":[{"href":"https:\/\/www.canhoms.es\/fr\/wp-json\/wp\/v2\/media?parent=1326"}],"curies":[{"name":"wp","href":"https:\/\/api.w.org\/{rel}","templated":true}]}}