{"id":1335,"date":"2024-03-27T10:06:24","date_gmt":"2024-03-27T10:06:24","guid":{"rendered":"https:\/\/www.canhoms.es\/tarifas\/"},"modified":"2024-07-16T12:58:30","modified_gmt":"2024-07-16T12:58:30","slug":"tarifs","status":"publish","type":"page","link":"https:\/\/www.canhoms.es\/fr\/tarifs\/","title":{"rendered":"Tarifs"},"content":{"rendered":"\t\t<div data-elementor-type=\"wp-post\" data-elementor-id=\"1335\" class=\"elementor elementor-1335 elementor-321\" data-elementor-post-type=\"page\">\n\t\t\t\t<div class=\"elementor-element elementor-element-59b65a7 e-con-full e-flex elementor-invisible e-con e-parent\" data-id=\"59b65a7\" data-element_type=\"container\" data-settings=\"{&quot;background_background&quot;:&quot;classic&quot;,&quot;animation&quot;:&quot;fadeIn&quot;}\">\n\t\t\t\t<div class=\"elementor-element elementor-element-109c493 elementor-widget elementor-widget-heading\" data-id=\"109c493\" data-element_type=\"widget\" data-widget_type=\"heading.default\">\n\t\t\t\t<div class=\"elementor-widget-container\">\n\t\t\t\t\t<h1 class=\"elementor-heading-title elementor-size-default\">Tarifs<\/h1>\t\t\t\t<\/div>\n\t\t\t\t<\/div>\n\t\t\t\t<\/div>\n\t\t<div class=\"elementor-element elementor-element-1752b2a e-flex e-con-boxed elementor-invisible e-con e-parent\" data-id=\"1752b2a\" data-element_type=\"container\" data-settings=\"{&quot;animation&quot;:&quot;fadeIn&quot;}\">\n\t\t\t\t\t<div class=\"e-con-inner\">\n\t\t<div class=\"elementor-element elementor-element-f3f9a4c e-con-full e-flex e-con e-child\" data-id=\"f3f9a4c\" data-element_type=\"container\">\n\t\t\t\t<div class=\"elementor-element elementor-element-7979733 elementor-widget elementor-widget-heading\" data-id=\"7979733\" data-element_type=\"widget\" data-widget_type=\"heading.default\">\n\t\t\t\t<div class=\"elementor-widget-container\">\n\t\t\t\t\t<h3 class=\"elementor-heading-title elementor-size-default\">Cal Vinyet<\/h3>\t\t\t\t<\/div>\n\t\t\t\t<\/div>\n\t\t\t\t<div class=\"elementor-element elementor-element-03df851 elementor-widget elementor-widget-text-editor\" data-id=\"03df851\" data-element_type=\"widget\" data-widget_type=\"text-editor.default\">\n\t\t\t\t<div class=\"elementor-widget-container\">\n\t\t\t\t\t\t\t\t\t<p>2 nuits minimum: 400\u20ac<br \/>1 semaine: 1400\u20ac<br \/>Journ\u00e9e suppl\u00e9mentaire: 200\u20ac<\/p>\t\t\t\t\t\t\t\t<\/div>\n\t\t\t\t<\/div>\n\t\t\t\t<\/div>\n\t\t<div class=\"elementor-element elementor-element-824de5f e-con-full e-flex e-con e-child\" data-id=\"824de5f\" data-element_type=\"container\">\n\t\t\t\t<div class=\"elementor-element elementor-element-1abda73 elementor-widget elementor-widget-heading\" data-id=\"1abda73\" data-element_type=\"widget\" data-widget_type=\"heading.default\">\n\t\t\t\t<div class=\"elementor-widget-container\">\n\t\t\t\t\t<h3 class=\"elementor-heading-title elementor-size-default\">Cal Masover<\/h3>\t\t\t\t<\/div>\n\t\t\t\t<\/div>\n\t\t\t\t<div class=\"elementor-element elementor-element-48dcbda elementor-widget elementor-widget-text-editor\" data-id=\"48dcbda\" data-element_type=\"widget\" data-widget_type=\"text-editor.default\">\n\t\t\t\t<div class=\"elementor-widget-container\">\n\t\t\t\t\t\t\t\t\t<p>2 nuits minimum: 380\u20ac<br \/>1 semaine: 1300\u20ac<br \/>Journ\u00e9e suppl\u00e9mentaire: 190\u20ac<\/p>\t\t\t\t\t\t\t\t<\/div>\n\t\t\t\t<\/div>\n\t\t\t\t<\/div>\n\t\t\t\t\t<\/div>\n\t\t\t\t<\/div>\n\t\t<div class=\"elementor-element elementor-element-d618a39 e-flex e-con-boxed elementor-invisible e-con e-parent\" data-id=\"d618a39\" data-element_type=\"container\" data-settings=\"{&quot;animation&quot;:&quot;fadeIn&quot;}\">\n\t\t\t\t\t<div class=\"e-con-inner\">\n\t\t\t\t<div class=\"elementor-element elementor-element-42af7dd elementor-widget elementor-widget-text-editor\" data-id=\"42af7dd\" data-element_type=\"widget\" data-widget_type=\"text-editor.default\">\n\t\t\t\t<div class=\"elementor-widget-container\">\n\t\t\t\t\t\t\t\t\t<p>Profitez d&rsquo;un s\u00e9jour inoubliable \u00e0 Can Homs gr\u00e2ce \u00e0 nos tarifs flexibles et attractifs. Les prix commencent \u00e0 partir de 380 \u20ac par week-end et n\u00e9cessitent un s\u00e9jour minimum de deux nuits. Profitez de cette occasion pour vous immerger dans le charme et le confort de nos appartements et profitez de tout ce que notre magnifique emplacement a \u00e0 offrir.<\/p><p>R\u00e9servez maintenant et faites de votre escapade parfaite une r\u00e9alit\u00e9 !<\/p>\t\t\t\t\t\t\t\t<\/div>\n\t\t\t\t<\/div>\n\t\t\t\t\t<\/div>\n\t\t\t\t<\/div>\n\t\t<div class=\"elementor-element elementor-element-c0b0dbe e-con-full e-flex elementor-invisible e-con e-parent\" data-id=\"c0b0dbe\" data-element_type=\"container\" data-settings=\"{&quot;animation&quot;:&quot;fadeIn&quot;}\">\n\t\t\t\t<div class=\"elementor-element elementor-element-6c6140e elementor-widget elementor-widget-template\" data-id=\"6c6140e\" data-element_type=\"widget\" data-widget_type=\"template.default\">\n\t\t\t\t<div class=\"elementor-widget-container\">\n\t\t\t\t\t\t\t<div class=\"elementor-template\">\n\t\t\t\t\t<div data-elementor-type=\"container\" data-elementor-id=\"1341\" class=\"elementor elementor-1341 elementor-213\" data-elementor-post-type=\"elementor_library\">\n\t\t\t\t<div class=\"elementor-element elementor-element-2f31ef36 e-flex e-con-boxed e-con e-parent\" data-id=\"2f31ef36\" data-element_type=\"container\">\n\t\t\t\t\t<div class=\"e-con-inner\">\n\t\t<div class=\"elementor-element elementor-element-18d71fa2 e-con-full e-flex e-con e-child\" data-id=\"18d71fa2\" data-element_type=\"container\">\n\t\t\t\t<div class=\"elementor-element elementor-element-1994b98 elementor-widget elementor-widget-heading\" data-id=\"1994b98\" data-element_type=\"widget\" data-widget_type=\"heading.default\">\n\t\t\t\t<div class=\"elementor-widget-container\">\n\t\t\t\t\t<h3 class=\"elementor-heading-title elementor-size-default\">Cal Vinyet<\/h3>\t\t\t\t<\/div>\n\t\t\t\t<\/div>\n\t\t\t\t<div class=\"elementor-element elementor-element-6bf67197 elementor-widget elementor-widget-image\" data-id=\"6bf67197\" data-element_type=\"widget\" data-widget_type=\"image.default\">\n\t\t\t\t<div class=\"elementor-widget-container\">\n\t\t\t\t\t\t\t\t\t\t\t\t\t\t\t<img decoding=\"async\" src=\"https:\/\/www.canhoms.es\/wp-content\/uploads\/2024\/03\/home-cal-vinyet.jpg\" title=\"\" alt=\"\" loading=\"lazy\" \/>\t\t\t\t\t\t\t\t\t\t\t\t\t\t\t<\/div>\n\t\t\t\t<\/div>\n\t\t\t\t<div class=\"elementor-element elementor-element-ef7243c elementor-widget elementor-widget-text-editor\" data-id=\"ef7243c\" data-element_type=\"widget\" data-widget_type=\"text-editor.default\">\n\t\t\t\t<div class=\"elementor-widget-container\">\n\t\t\t\t\t\t\t\t\t<p>D\u00e9couvrez l&rsquo;\u00e9l\u00e9gance et la tranquillit\u00e9 de notre appartement exclusif de Cal Vinyet.<\/p>\t\t\t\t\t\t\t\t<\/div>\n\t\t\t\t<\/div>\n\t\t\t\t<div class=\"elementor-element elementor-element-2df6ee2e elementor-widget elementor-widget-button\" data-id=\"2df6ee2e\" data-element_type=\"widget\" data-widget_type=\"button.default\">\n\t\t\t\t<div class=\"elementor-widget-container\">\n\t\t\t\t\t\t\t\t\t<div class=\"elementor-button-wrapper\">\n\t\t\t\t\t<a class=\"elementor-button elementor-button-link elementor-size-sm\" href=\"https:\/\/www.canhoms.es\/fr\/maisons\/cal-vinyet\/\">\n\t\t\t\t\t\t<span class=\"elementor-button-content-wrapper\">\n\t\t\t\t\t\t\t\t\t<span class=\"elementor-button-text\">EN SAVOIR PLUS SUR Cal Vinyet<\/span>\n\t\t\t\t\t<\/span>\n\t\t\t\t\t<\/a>\n\t\t\t\t<\/div>\n\t\t\t\t\t\t\t\t<\/div>\n\t\t\t\t<\/div>\n\t\t\t\t<\/div>\n\t\t<div class=\"elementor-element elementor-element-2a75b19d e-con-full e-flex e-con e-child\" data-id=\"2a75b19d\" data-element_type=\"container\">\n\t\t\t\t<div class=\"elementor-element elementor-element-a90344b elementor-widget elementor-widget-heading\" data-id=\"a90344b\" data-element_type=\"widget\" data-widget_type=\"heading.default\">\n\t\t\t\t<div class=\"elementor-widget-container\">\n\t\t\t\t\t<h3 class=\"elementor-heading-title elementor-size-default\">Cal Masover<\/h3>\t\t\t\t<\/div>\n\t\t\t\t<\/div>\n\t\t\t\t<div class=\"elementor-element elementor-element-198971ea elementor-widget elementor-widget-image\" data-id=\"198971ea\" data-element_type=\"widget\" data-widget_type=\"image.default\">\n\t\t\t\t<div class=\"elementor-widget-container\">\n\t\t\t\t\t\t\t\t\t\t\t\t\t\t\t<img fetchpriority=\"high\" decoding=\"async\" width=\"800\" height=\"800\" src=\"https:\/\/www.canhoms.es\/wp-content\/uploads\/2024\/03\/home-cal-masover.jpg\" class=\"attachment-large size-large wp-image-894\" alt=\"\" srcset=\"https:\/\/www.canhoms.es\/wp-content\/uploads\/2024\/03\/home-cal-masover.jpg 960w, https:\/\/www.canhoms.es\/wp-content\/uploads\/2024\/03\/home-cal-masover-300x300.jpg 300w, https:\/\/www.canhoms.es\/wp-content\/uploads\/2024\/03\/home-cal-masover-150x150.jpg 150w, https:\/\/www.canhoms.es\/wp-content\/uploads\/2024\/03\/home-cal-masover-768x768.jpg 768w\" sizes=\"(max-width: 800px) 100vw, 800px\" \/>\t\t\t\t\t\t\t\t\t\t\t\t\t\t\t<\/div>\n\t\t\t\t<\/div>\n\t\t\t\t<div class=\"elementor-element elementor-element-731e26ca elementor-widget elementor-widget-text-editor\" data-id=\"731e26ca\" data-element_type=\"widget\" data-widget_type=\"text-editor.default\">\n\t\t\t\t<div class=\"elementor-widget-container\">\n\t\t\t\t\t\t\t\t\t<p>D\u00e9couvrez le confort et la tranquillit\u00e9 de notre maison de campagne exclusive Cal Masover.<\/p>\t\t\t\t\t\t\t\t<\/div>\n\t\t\t\t<\/div>\n\t\t\t\t<div class=\"elementor-element elementor-element-5bee1d9f elementor-widget elementor-widget-button\" data-id=\"5bee1d9f\" data-element_type=\"widget\" data-widget_type=\"button.default\">\n\t\t\t\t<div class=\"elementor-widget-container\">\n\t\t\t\t\t\t\t\t\t<div class=\"elementor-button-wrapper\">\n\t\t\t\t\t<a class=\"elementor-button elementor-button-link elementor-size-sm\" href=\"https:\/\/www.canhoms.es\/fr\/maisons\/cal-masover\/\">\n\t\t\t\t\t\t<span class=\"elementor-button-content-wrapper\">\n\t\t\t\t\t\t\t\t\t<span class=\"elementor-button-text\">EN SAVOIR PLUS SUR Cal Masover<\/span>\n\t\t\t\t\t<\/span>\n\t\t\t\t\t<\/a>\n\t\t\t\t<\/div>\n\t\t\t\t\t\t\t\t<\/div>\n\t\t\t\t<\/div>\n\t\t\t\t<\/div>\n\t\t\t\t\t<\/div>\n\t\t\t\t<\/div>\n\t\t\t\t<\/div>\n\t\t\t\t<\/div>\n\t\t\t\t\t\t<\/div>\n\t\t\t\t<\/div>\n\t\t\t\t<\/div>\n\t\t\t\t<\/div>\n\t\t","protected":false},"excerpt":{"rendered":"<p>Cal Vinyet 2 nuits minimum: 400\u20ac1 semaine: 1400\u20acJourn\u00e9e suppl\u00e9mentaire: 200\u20ac Cal Masover 2 nuits minimum: 380\u20ac1 semaine: 1300\u20acJourn\u00e9e suppl\u00e9mentaire: 190\u20ac Profitez d&rsquo;un s\u00e9jour inoubliable \u00e0 Can Homs gr\u00e2ce \u00e0 nos tarifs flexibles et attractifs. Les prix commencent \u00e0 partir de 380 \u20ac par week-end et n\u00e9cessitent un s\u00e9jour minimum de deux nuits. Profitez de cette [&hellip;]<\/p>\n","protected":false},"author":1,"featured_media":0,"parent":0,"menu_order":0,"comment_status":"closed","ping_status":"closed","template":"","meta":{"footnotes":""},"class_list":["post-1335","page","type-page","status-publish","hentry"],"yoast_head":"<!-- This site is optimized with the Yoast SEO plugin v25.1 - https:\/\/yoast.com\/wordpress\/plugins\/seo\/ -->\n<title>Tarifs - Can Homs<\/title>\n<meta name=\"robots\" content=\"index, follow, max-snippet:-1, max-image-preview:large, max-video-preview:-1\" \/>\n<link rel=\"canonical\" href=\"https:\/\/www.canhoms.es\/fr\/tarifs\/\" \/>\n<meta property=\"og:locale\" content=\"fr_FR\" \/>\n<meta property=\"og:type\" content=\"article\" \/>\n<meta property=\"og:title\" content=\"Tarifs - Can Homs\" \/>\n<meta property=\"og:description\" content=\"Cal Vinyet 2 nuits minimum: 400\u20ac1 semaine: 1400\u20acJourn\u00e9e suppl\u00e9mentaire: 200\u20ac Cal Masover 2 nuits minimum: 380\u20ac1 semaine: 1300\u20acJourn\u00e9e suppl\u00e9mentaire: 190\u20ac Profitez d&rsquo;un s\u00e9jour inoubliable \u00e0 Can Homs gr\u00e2ce \u00e0 nos tarifs flexibles et attractifs. Les prix commencent \u00e0 partir de 380 \u20ac par week-end et n\u00e9cessitent un s\u00e9jour minimum de deux nuits. Profitez de cette [&hellip;]\" \/>\n<meta property=\"og:url\" content=\"https:\/\/www.canhoms.es\/fr\/tarifs\/\" \/>\n<meta property=\"og:site_name\" content=\"Can Homs\" \/>\n<meta property=\"article:modified_time\" content=\"2024-07-16T12:58:30+00:00\" \/>\n<meta name=\"twitter:card\" content=\"summary_large_image\" \/>\n<meta name=\"twitter:label1\" content=\"Dur\u00e9e de lecture estim\u00e9e\" \/>\n\t<meta name=\"twitter:data1\" content=\"2 minutes\" \/>\n<script type=\"application\/ld+json\" class=\"yoast-schema-graph\">{\"@context\":\"https:\/\/schema.org\",\"@graph\":[{\"@type\":\"WebPage\",\"@id\":\"https:\/\/www.canhoms.es\/fr\/tarifs\/\",\"url\":\"https:\/\/www.canhoms.es\/fr\/tarifs\/\",\"name\":\"Tarifs - Can Homs\",\"isPartOf\":{\"@id\":\"https:\/\/www.canhoms.es\/fr\/#website\"},\"datePublished\":\"2024-03-27T10:06:24+00:00\",\"dateModified\":\"2024-07-16T12:58:30+00:00\",\"breadcrumb\":{\"@id\":\"https:\/\/www.canhoms.es\/fr\/tarifs\/#breadcrumb\"},\"inLanguage\":\"fr-FR\",\"potentialAction\":[{\"@type\":\"ReadAction\",\"target\":[\"https:\/\/www.canhoms.es\/fr\/tarifs\/\"]}]},{\"@type\":\"BreadcrumbList\",\"@id\":\"https:\/\/www.canhoms.es\/fr\/tarifs\/#breadcrumb\",\"itemListElement\":[{\"@type\":\"ListItem\",\"position\":1,\"name\":\"Portada\",\"item\":\"https:\/\/www.canhoms.es\/fr\/\"},{\"@type\":\"ListItem\",\"position\":2,\"name\":\"Tarifs\"}]},{\"@type\":\"WebSite\",\"@id\":\"https:\/\/www.canhoms.es\/fr\/#website\",\"url\":\"https:\/\/www.canhoms.es\/fr\/\",\"name\":\"Can Homs\",\"description\":\"\",\"publisher\":{\"@id\":\"https:\/\/www.canhoms.es\/fr\/#organization\"},\"potentialAction\":[{\"@type\":\"SearchAction\",\"target\":{\"@type\":\"EntryPoint\",\"urlTemplate\":\"https:\/\/www.canhoms.es\/fr\/?s={search_term_string}\"},\"query-input\":{\"@type\":\"PropertyValueSpecification\",\"valueRequired\":true,\"valueName\":\"search_term_string\"}}],\"inLanguage\":\"fr-FR\"},{\"@type\":\"Organization\",\"@id\":\"https:\/\/www.canhoms.es\/fr\/#organization\",\"name\":\"Can Homs\",\"url\":\"https:\/\/www.canhoms.es\/fr\/\",\"logo\":{\"@type\":\"ImageObject\",\"inLanguage\":\"fr-FR\",\"@id\":\"https:\/\/www.canhoms.es\/fr\/#\/schema\/logo\/image\/\",\"url\":\"https:\/\/www.canhoms.es\/wp-content\/uploads\/2024\/03\/logo.svg\",\"contentUrl\":\"https:\/\/www.canhoms.es\/wp-content\/uploads\/2024\/03\/logo.svg\",\"width\":160,\"height\":50,\"caption\":\"Can Homs\"},\"image\":{\"@id\":\"https:\/\/www.canhoms.es\/fr\/#\/schema\/logo\/image\/\"}}]}<\/script>\n<!-- \/ Yoast SEO plugin. -->","yoast_head_json":{"title":"Tarifs - Can Homs","robots":{"index":"index","follow":"follow","max-snippet":"max-snippet:-1","max-image-preview":"max-image-preview:large","max-video-preview":"max-video-preview:-1"},"canonical":"https:\/\/www.canhoms.es\/fr\/tarifs\/","og_locale":"fr_FR","og_type":"article","og_title":"Tarifs - Can Homs","og_description":"Cal Vinyet 2 nuits minimum: 400\u20ac1 semaine: 1400\u20acJourn\u00e9e suppl\u00e9mentaire: 200\u20ac Cal Masover 2 nuits minimum: 380\u20ac1 semaine: 1300\u20acJourn\u00e9e suppl\u00e9mentaire: 190\u20ac Profitez d&rsquo;un s\u00e9jour inoubliable \u00e0 Can Homs gr\u00e2ce \u00e0 nos tarifs flexibles et attractifs. Les prix commencent \u00e0 partir de 380 \u20ac par week-end et n\u00e9cessitent un s\u00e9jour minimum de deux nuits. Profitez de cette [&hellip;]","og_url":"https:\/\/www.canhoms.es\/fr\/tarifs\/","og_site_name":"Can Homs","article_modified_time":"2024-07-16T12:58:30+00:00","twitter_card":"summary_large_image","twitter_misc":{"Dur\u00e9e de lecture estim\u00e9e":"2 minutes"},"schema":{"@context":"https:\/\/schema.org","@graph":[{"@type":"WebPage","@id":"https:\/\/www.canhoms.es\/fr\/tarifs\/","url":"https:\/\/www.canhoms.es\/fr\/tarifs\/","name":"Tarifs - Can Homs","isPartOf":{"@id":"https:\/\/www.canhoms.es\/fr\/#website"},"datePublished":"2024-03-27T10:06:24+00:00","dateModified":"2024-07-16T12:58:30+00:00","breadcrumb":{"@id":"https:\/\/www.canhoms.es\/fr\/tarifs\/#breadcrumb"},"inLanguage":"fr-FR","potentialAction":[{"@type":"ReadAction","target":["https:\/\/www.canhoms.es\/fr\/tarifs\/"]}]},{"@type":"BreadcrumbList","@id":"https:\/\/www.canhoms.es\/fr\/tarifs\/#breadcrumb","itemListElement":[{"@type":"ListItem","position":1,"name":"Portada","item":"https:\/\/www.canhoms.es\/fr\/"},{"@type":"ListItem","position":2,"name":"Tarifs"}]},{"@type":"WebSite","@id":"https:\/\/www.canhoms.es\/fr\/#website","url":"https:\/\/www.canhoms.es\/fr\/","name":"Can Homs","description":"","publisher":{"@id":"https:\/\/www.canhoms.es\/fr\/#organization"},"potentialAction":[{"@type":"SearchAction","target":{"@type":"EntryPoint","urlTemplate":"https:\/\/www.canhoms.es\/fr\/?s={search_term_string}"},"query-input":{"@type":"PropertyValueSpecification","valueRequired":true,"valueName":"search_term_string"}}],"inLanguage":"fr-FR"},{"@type":"Organization","@id":"https:\/\/www.canhoms.es\/fr\/#organization","name":"Can Homs","url":"https:\/\/www.canhoms.es\/fr\/","logo":{"@type":"ImageObject","inLanguage":"fr-FR","@id":"https:\/\/www.canhoms.es\/fr\/#\/schema\/logo\/image\/","url":"https:\/\/www.canhoms.es\/wp-content\/uploads\/2024\/03\/logo.svg","contentUrl":"https:\/\/www.canhoms.es\/wp-content\/uploads\/2024\/03\/logo.svg","width":160,"height":50,"caption":"Can Homs"},"image":{"@id":"https:\/\/www.canhoms.es\/fr\/#\/schema\/logo\/image\/"}}]}},"_links":{"self":[{"href":"https:\/\/www.canhoms.es\/fr\/wp-json\/wp\/v2\/pages\/1335","targetHints":{"allow":["GET"]}}],"collection":[{"href":"https:\/\/www.canhoms.es\/fr\/wp-json\/wp\/v2\/pages"}],"about":[{"href":"https:\/\/www.canhoms.es\/fr\/wp-json\/wp\/v2\/types\/page"}],"author":[{"embeddable":true,"href":"https:\/\/www.canhoms.es\/fr\/wp-json\/wp\/v2\/users\/1"}],"replies":[{"embeddable":true,"href":"https:\/\/www.canhoms.es\/fr\/wp-json\/wp\/v2\/comments?post=1335"}],"version-history":[{"count":10,"href":"https:\/\/www.canhoms.es\/fr\/wp-json\/wp\/v2\/pages\/1335\/revisions"}],"predecessor-version":[{"id":1637,"href":"https:\/\/www.canhoms.es\/fr\/wp-json\/wp\/v2\/pages\/1335\/revisions\/1637"}],"wp:attachment":[{"href":"https:\/\/www.canhoms.es\/fr\/wp-json\/wp\/v2\/media?parent=1335"}],"curies":[{"name":"wp","href":"https:\/\/api.w.org\/{rel}","templated":true}]}}