{"id":1396,"date":"2024-04-02T10:41:00","date_gmt":"2024-04-02T10:41:00","guid":{"rendered":"https:\/\/www.canhoms.es\/accesibilidad\/"},"modified":"2024-04-19T09:32:07","modified_gmt":"2024-04-19T09:32:07","slug":"accesibilidad","status":"publish","type":"page","link":"https:\/\/www.canhoms.es\/fr\/accesibilidad\/","title":{"rendered":"Accessibilit\u00e9"},"content":{"rendered":"\t\t<div data-elementor-type=\"wp-page\" data-elementor-id=\"1396\" class=\"elementor elementor-1396 elementor-623\" data-elementor-post-type=\"page\">\n\t\t\t\t<div class=\"elementor-element elementor-element-177fd34 e-con-full e-flex e-con e-parent\" data-id=\"177fd34\" data-element_type=\"container\" data-settings=\"{&quot;background_background&quot;:&quot;classic&quot;}\">\n\t\t\t\t<div class=\"elementor-element elementor-element-5c2c7d8 elementor-widget elementor-widget-heading\" data-id=\"5c2c7d8\" data-element_type=\"widget\" data-widget_type=\"heading.default\">\n\t\t\t\t<div class=\"elementor-widget-container\">\n\t\t\t\t\t<h1 class=\"elementor-heading-title elementor-size-default\">Accessibilit\u00e9<\/h1>\t\t\t\t<\/div>\n\t\t\t\t<\/div>\n\t\t\t\t<\/div>\n\t\t<div class=\"elementor-element elementor-element-5ff2bf82 e-flex e-con-boxed e-con e-parent\" data-id=\"5ff2bf82\" data-element_type=\"container\">\n\t\t\t\t\t<div class=\"e-con-inner\">\n\t\t\t\t<div class=\"elementor-element elementor-element-9c48a43 elementor-widget elementor-widget-text-editor\" data-id=\"9c48a43\" data-element_type=\"widget\" data-widget_type=\"text-editor.default\">\n\t\t\t\t<div class=\"elementor-widget-container\">\n\t\t\t\t\t\t\t\t\t<div><p><strong>Luis<\/strong> <strong>\u00c1ngel<\/strong> <strong>P\u00e9rez<\/strong> <strong>Serra<\/strong> se ha comprometido a hacer accesible su sitio web, de conformidad con el el Real Decreto 1112\/2018, de 7 de septiembre, sobre <u>accesibilidad de los sitios web y<\/u> <u>aplicaciones para dispositivos m\u00f3viles del sector p\u00fablico<\/u>.<\/p><p>La presente declaraci\u00f3n de accesibilidad se aplica a <u><\/u><a href=\"http:\/\/www.canhoms.es\/\">https:\/\/www.canhoms.es<\/a><\/p><p>\u00a0<\/p><h5>SITUACI\u00d3N DE CUMPLIMIENTO<\/h5><p>Este sitio web est\u00e1 plenamente conforme con el RD 1112\/2018.<\/p><p>\u00a0<\/p><h5>CONTENIDO NO ACCESIBLE<\/h5><p>Todo el contenido es accesible.<\/p><p>\u00a0<\/p><h5>PREPARACI\u00d3N DE LA PRESENTE DECLARACI\u00d3N DE ACCESIBILIDAD<\/h5><p>La presente declaraci\u00f3n fue preparada el 1 de enero de 2024.<\/p><p>El m\u00e9todo empleado para el desarrollo de la declaraci\u00f3n ha sido una autoevaluaci\u00f3n realizada por nosotros mismos.<\/p><p>\u00a0<\/p><h5>OBSERVACIONES Y DATOS DE CONTACTO<\/h5><p>Puede realizar comunicaciones sobre requisitos de accesibilidad (art\u00edculo 10.2.a) del RD 1112\/2018) como, por ejemplo:<\/p><ul><li>Informar sobre cualquier posible incumplimiento por parte de este sitio web<\/li><li>Transmitir otras dificultades de acceso al contenido<\/li><li>Formular cualquier otra consulta o sugerencia de mejora relativa a la accesibilidad del sitio web<\/li><\/ul><p>A trav\u00e9s del correo <a href=\"mailto:info@canhoms.es\">info@canhoms.es<\/a><\/p><p>\u00a0<\/p><p>Puede presentar:<\/p><ul><li>Una queja relativa al cumplimiento de los requisitos del RD 1112\/2018 o<\/li><li>Una solicitud de informaci\u00f3n accesible relativa a:<\/li><\/ul><ol><li style=\"list-style-type: none;\"><ol><li>Contenidos que est\u00e1n excluidos del \u00e1mbito de aplicaci\u00f3n del RD 1112\/2018 seg\u00fan lo establecido por el art\u00edculo 3, apartado 4.<\/li><li>Contenidos que est\u00e1n exentos del cumplimiento de los requisitos de accesibilidad por imponer una carga desproporcionada.<\/li><\/ol><\/li><\/ol><p>\u00a0<\/p><p>En la solicitud de informaci\u00f3n accesible, se debe concretar, con toda claridad, los hechos, razones y petici\u00f3n que permitan constatar que se trata de una solicitud razonable y leg\u00edtima. Las comunicaciones, quejas y solicitudes de informaci\u00f3n accesible ser\u00e1n recibidas y tratadas por Luis \u00c1ngel P\u00e9rez Serra<\/p><p>\u00a0<\/p><h5>PROCEDIMIENTO DE APLICACI\u00d3N<\/h5><p>En caso de no verse atendidas las solicitudes, podr\u00e1 dirigir una comunicaci\u00f3n a <a href=\"mailto:info@canhoms.es\">info@canhoms.es<\/a> dirigida en atenci\u00f3n a la Direcci\u00f3n de la organizaci\u00f3n.<\/p><\/div>\t\t\t\t\t\t\t\t<\/div>\n\t\t\t\t<\/div>\n\t\t\t\t\t<\/div>\n\t\t\t\t<\/div>\n\t\t\t\t<\/div>\n\t\t","protected":false},"excerpt":{"rendered":"<p>Luis \u00c1ngel P\u00e9rez Serra se ha comprometido a hacer accesible su sitio web, de conformidad con el el Real Decreto 1112\/2018, de 7 de septiembre, sobre accesibilidad de los sitios web y aplicaciones para dispositivos m\u00f3viles del sector p\u00fablico. La presente declaraci\u00f3n de accesibilidad se aplica a https:\/\/www.canhoms.es \u00a0 SITUACI\u00d3N DE CUMPLIMIENTO Este sitio web [&hellip;]<\/p>\n","protected":false},"author":1,"featured_media":0,"parent":0,"menu_order":0,"comment_status":"closed","ping_status":"closed","template":"","meta":{"footnotes":""},"class_list":["post-1396","page","type-page","status-publish","hentry"],"yoast_head":"<!-- This site is optimized with the Yoast SEO plugin v25.1 - https:\/\/yoast.com\/wordpress\/plugins\/seo\/ -->\n<title>Accessibilit\u00e9 - Can Homs<\/title>\n<meta name=\"robots\" content=\"index, follow, max-snippet:-1, max-image-preview:large, max-video-preview:-1\" \/>\n<link rel=\"canonical\" href=\"https:\/\/www.canhoms.es\/fr\/accesibilidad\/\" \/>\n<meta property=\"og:locale\" content=\"fr_FR\" \/>\n<meta property=\"og:type\" content=\"article\" \/>\n<meta property=\"og:title\" content=\"Accessibilit\u00e9 - Can Homs\" \/>\n<meta property=\"og:description\" content=\"Luis \u00c1ngel P\u00e9rez Serra se ha comprometido a hacer accesible su sitio web, de conformidad con el el Real Decreto 1112\/2018, de 7 de septiembre, sobre accesibilidad de los sitios web y aplicaciones para dispositivos m\u00f3viles del sector p\u00fablico. La presente declaraci\u00f3n de accesibilidad se aplica a https:\/\/www.canhoms.es \u00a0 SITUACI\u00d3N DE CUMPLIMIENTO Este sitio web [&hellip;]\" \/>\n<meta property=\"og:url\" content=\"https:\/\/www.canhoms.es\/fr\/accesibilidad\/\" \/>\n<meta property=\"og:site_name\" content=\"Can Homs\" \/>\n<meta property=\"article:modified_time\" content=\"2024-04-19T09:32:07+00:00\" \/>\n<meta name=\"twitter:card\" content=\"summary_large_image\" \/>\n<meta name=\"twitter:label1\" content=\"Dur\u00e9e de lecture estim\u00e9e\" \/>\n\t<meta name=\"twitter:data1\" content=\"2 minutes\" \/>\n<script type=\"application\/ld+json\" class=\"yoast-schema-graph\">{\"@context\":\"https:\/\/schema.org\",\"@graph\":[{\"@type\":\"WebPage\",\"@id\":\"https:\/\/www.canhoms.es\/fr\/accesibilidad\/\",\"url\":\"https:\/\/www.canhoms.es\/fr\/accesibilidad\/\",\"name\":\"Accessibilit\u00e9 - Can Homs\",\"isPartOf\":{\"@id\":\"https:\/\/www.canhoms.es\/fr\/#website\"},\"datePublished\":\"2024-04-02T10:41:00+00:00\",\"dateModified\":\"2024-04-19T09:32:07+00:00\",\"breadcrumb\":{\"@id\":\"https:\/\/www.canhoms.es\/fr\/accesibilidad\/#breadcrumb\"},\"inLanguage\":\"fr-FR\",\"potentialAction\":[{\"@type\":\"ReadAction\",\"target\":[\"https:\/\/www.canhoms.es\/fr\/accesibilidad\/\"]}]},{\"@type\":\"BreadcrumbList\",\"@id\":\"https:\/\/www.canhoms.es\/fr\/accesibilidad\/#breadcrumb\",\"itemListElement\":[{\"@type\":\"ListItem\",\"position\":1,\"name\":\"Portada\",\"item\":\"https:\/\/www.canhoms.es\/fr\/\"},{\"@type\":\"ListItem\",\"position\":2,\"name\":\"Accessibilit\u00e9\"}]},{\"@type\":\"WebSite\",\"@id\":\"https:\/\/www.canhoms.es\/fr\/#website\",\"url\":\"https:\/\/www.canhoms.es\/fr\/\",\"name\":\"Can Homs\",\"description\":\"\",\"publisher\":{\"@id\":\"https:\/\/www.canhoms.es\/fr\/#organization\"},\"potentialAction\":[{\"@type\":\"SearchAction\",\"target\":{\"@type\":\"EntryPoint\",\"urlTemplate\":\"https:\/\/www.canhoms.es\/fr\/?s={search_term_string}\"},\"query-input\":{\"@type\":\"PropertyValueSpecification\",\"valueRequired\":true,\"valueName\":\"search_term_string\"}}],\"inLanguage\":\"fr-FR\"},{\"@type\":\"Organization\",\"@id\":\"https:\/\/www.canhoms.es\/fr\/#organization\",\"name\":\"Can Homs\",\"url\":\"https:\/\/www.canhoms.es\/fr\/\",\"logo\":{\"@type\":\"ImageObject\",\"inLanguage\":\"fr-FR\",\"@id\":\"https:\/\/www.canhoms.es\/fr\/#\/schema\/logo\/image\/\",\"url\":\"https:\/\/www.canhoms.es\/wp-content\/uploads\/2024\/03\/logo.svg\",\"contentUrl\":\"https:\/\/www.canhoms.es\/wp-content\/uploads\/2024\/03\/logo.svg\",\"width\":160,\"height\":50,\"caption\":\"Can Homs\"},\"image\":{\"@id\":\"https:\/\/www.canhoms.es\/fr\/#\/schema\/logo\/image\/\"}}]}<\/script>\n<!-- \/ Yoast SEO plugin. -->","yoast_head_json":{"title":"Accessibilit\u00e9 - Can Homs","robots":{"index":"index","follow":"follow","max-snippet":"max-snippet:-1","max-image-preview":"max-image-preview:large","max-video-preview":"max-video-preview:-1"},"canonical":"https:\/\/www.canhoms.es\/fr\/accesibilidad\/","og_locale":"fr_FR","og_type":"article","og_title":"Accessibilit\u00e9 - Can Homs","og_description":"Luis \u00c1ngel P\u00e9rez Serra se ha comprometido a hacer accesible su sitio web, de conformidad con el el Real Decreto 1112\/2018, de 7 de septiembre, sobre accesibilidad de los sitios web y aplicaciones para dispositivos m\u00f3viles del sector p\u00fablico. La presente declaraci\u00f3n de accesibilidad se aplica a https:\/\/www.canhoms.es \u00a0 SITUACI\u00d3N DE CUMPLIMIENTO Este sitio web [&hellip;]","og_url":"https:\/\/www.canhoms.es\/fr\/accesibilidad\/","og_site_name":"Can Homs","article_modified_time":"2024-04-19T09:32:07+00:00","twitter_card":"summary_large_image","twitter_misc":{"Dur\u00e9e de lecture estim\u00e9e":"2 minutes"},"schema":{"@context":"https:\/\/schema.org","@graph":[{"@type":"WebPage","@id":"https:\/\/www.canhoms.es\/fr\/accesibilidad\/","url":"https:\/\/www.canhoms.es\/fr\/accesibilidad\/","name":"Accessibilit\u00e9 - Can Homs","isPartOf":{"@id":"https:\/\/www.canhoms.es\/fr\/#website"},"datePublished":"2024-04-02T10:41:00+00:00","dateModified":"2024-04-19T09:32:07+00:00","breadcrumb":{"@id":"https:\/\/www.canhoms.es\/fr\/accesibilidad\/#breadcrumb"},"inLanguage":"fr-FR","potentialAction":[{"@type":"ReadAction","target":["https:\/\/www.canhoms.es\/fr\/accesibilidad\/"]}]},{"@type":"BreadcrumbList","@id":"https:\/\/www.canhoms.es\/fr\/accesibilidad\/#breadcrumb","itemListElement":[{"@type":"ListItem","position":1,"name":"Portada","item":"https:\/\/www.canhoms.es\/fr\/"},{"@type":"ListItem","position":2,"name":"Accessibilit\u00e9"}]},{"@type":"WebSite","@id":"https:\/\/www.canhoms.es\/fr\/#website","url":"https:\/\/www.canhoms.es\/fr\/","name":"Can Homs","description":"","publisher":{"@id":"https:\/\/www.canhoms.es\/fr\/#organization"},"potentialAction":[{"@type":"SearchAction","target":{"@type":"EntryPoint","urlTemplate":"https:\/\/www.canhoms.es\/fr\/?s={search_term_string}"},"query-input":{"@type":"PropertyValueSpecification","valueRequired":true,"valueName":"search_term_string"}}],"inLanguage":"fr-FR"},{"@type":"Organization","@id":"https:\/\/www.canhoms.es\/fr\/#organization","name":"Can Homs","url":"https:\/\/www.canhoms.es\/fr\/","logo":{"@type":"ImageObject","inLanguage":"fr-FR","@id":"https:\/\/www.canhoms.es\/fr\/#\/schema\/logo\/image\/","url":"https:\/\/www.canhoms.es\/wp-content\/uploads\/2024\/03\/logo.svg","contentUrl":"https:\/\/www.canhoms.es\/wp-content\/uploads\/2024\/03\/logo.svg","width":160,"height":50,"caption":"Can Homs"},"image":{"@id":"https:\/\/www.canhoms.es\/fr\/#\/schema\/logo\/image\/"}}]}},"_links":{"self":[{"href":"https:\/\/www.canhoms.es\/fr\/wp-json\/wp\/v2\/pages\/1396","targetHints":{"allow":["GET"]}}],"collection":[{"href":"https:\/\/www.canhoms.es\/fr\/wp-json\/wp\/v2\/pages"}],"about":[{"href":"https:\/\/www.canhoms.es\/fr\/wp-json\/wp\/v2\/types\/page"}],"author":[{"embeddable":true,"href":"https:\/\/www.canhoms.es\/fr\/wp-json\/wp\/v2\/users\/1"}],"replies":[{"embeddable":true,"href":"https:\/\/www.canhoms.es\/fr\/wp-json\/wp\/v2\/comments?post=1396"}],"version-history":[{"count":1,"href":"https:\/\/www.canhoms.es\/fr\/wp-json\/wp\/v2\/pages\/1396\/revisions"}],"predecessor-version":[{"id":1584,"href":"https:\/\/www.canhoms.es\/fr\/wp-json\/wp\/v2\/pages\/1396\/revisions\/1584"}],"wp:attachment":[{"href":"https:\/\/www.canhoms.es\/fr\/wp-json\/wp\/v2\/media?parent=1396"}],"curies":[{"name":"wp","href":"https:\/\/api.w.org\/{rel}","templated":true}]}}